{"id":2755,"date":"2021-01-20T14:44:53","date_gmt":"2021-01-20T19:44:53","guid":{"rendered":"https:\/\/sadccoaticook.sadcoutaouais.ca\/?page_id=2755"},"modified":"2025-05-14T08:57:02","modified_gmt":"2025-05-14T12:57:02","slug":"home-2","status":"publish","type":"page","link":"https:\/\/sadccoaticook.ca\/en\/","title":{"rendered":"Home page"},"content":{"rendered":"\n  <div class=\"banner has-hover\" id=\"banner-1219959666\">\n          <div class=\"banner-inner fill\">\n        <div class=\"banner-bg fill\" >\n            <img decoding=\"async\" width=\"1920\" height=\"930\" src=\"https:\/\/sadccoaticook.ca\/wp-content\/uploads\/2021\/02\/SADC-de-Coaticook.jpg\" class=\"bg attachment-original size-original\" alt=\"\" \/>                                    \n                    <\/div>\n\t\t\n        <div class=\"banner-layers container\">\n            <div class=\"fill banner-link\"><\/div>            \n   <div id=\"text-box-1677807615\" class=\"text-box banner-layer x50 md-x15 lg-x15 y5 md-y50 lg-y50 res-text\">\n                                <div class=\"text-box-content text dark\">\n              \n              <div class=\"text-inner text-left\">\n                  \n\t<div id=\"text-1017188123\" class=\"text\">\n\t\t\n<h1>Have a project in mind?<\/h1>\n<h2>We help you make it a reality!<\/h2>\n\t\t\n<style>\n#text-1017188123 {\n  font-size: 0.95rem;\n}\n<\/style>\n\t<\/div>\n\t\n<div class=\"row\"  id=\"row-1440445473\">\n<a href=\"https:\/\/forms.office.com\/Pages\/ResponsePage.aspx?id=w872Yv_N8E6kXYl_ZQTbEGU7ofQAG29EqPWcjQoVE61UNFQ1Mkk4S1pZUVlUNVNVUzJGRlRXR0ZUSy4u\" target=\"_blank\" class=\"button primary is-large box-shadow-2\" rel=\"noopener\" style=\"padding:10px 20px 10px 20px;\">\n\t\t<span>REGISTER NOW FOR A PREPARATORY SESSION<\/span>\n\t<\/a>\n\n<\/div>\n              <\/div>\n           <\/div>\n                            \n<style>\n#text-box-1677807615 {\n  width: 90%;\n}\n#text-box-1677807615 .text-box-content {\n  font-size: 100%;\n}\n@media (min-width:550px) {\n  #text-box-1677807615 {\n    width: 54%;\n  }\n  #text-box-1677807615 .text-box-content {\n    font-size: 100%;\n  }\n}\n<\/style>\n    <\/div>\n \n        <\/div>\n      <\/div>\n\n            \n<style>\n#banner-1219959666 {\n  padding-top: 525px;\n  background-color: rgb(255,255,255);\n}\n#banner-1219959666 .banner-bg img {\n  object-position: 55% 55%;\n}\n@media (min-width:550px) {\n  #banner-1219959666 {\n    padding-top: 56.25%;\n  }\n}\n<\/style>\n  <\/div>\n\n\n\n\t<section class=\"section serviceCollectivite\" id=\"section_827850989\">\n\t\t<div class=\"section-bg fill\" >\n\t\t\t\t\t\t\t\t\t\n\t\t\t\n\n\t\t<\/div>\n\n\t\t\n\n\t\t<div class=\"section-content relative\">\n\t\t\t\n<div class=\"row row-collapse row-full-width align-middle align-center\"  id=\"row-461999381\">\n\n\t<div id=\"col-1593660576\" class=\"col medium-6 small-12 large-6\"  >\n\t\t\t\t<div class=\"col-inner\"  >\n\t\t\t\n\t\t\t\n\n  <div class=\"banner has-hover has-parallax\" id=\"banner-1492388551\">\n          <div class=\"banner-inner fill\">\n        <div class=\"banner-bg fill\" data-parallax=\"-3\" data-parallax-container=\".banner\" data-parallax-background>\n            <img decoding=\"async\" width=\"843\" height=\"1280\" src=\"https:\/\/sadccoaticook.ca\/wp-content\/uploads\/2021\/02\/Kingscroft-personnage-nb-843x1280.jpg\" class=\"bg attachment-large size-large\" alt=\"\" \/>                                    \n                    <\/div>\n\t\t\n        <div class=\"banner-layers container\">\n            <div class=\"fill banner-link\"><\/div>            \n        <\/div>\n      <\/div>\n\n            \n<style>\n#banner-1492388551 {\n  padding-top: 375px;\n  background-color: rgb(255,255,255);\n}\n#banner-1492388551 .banner-bg img {\n  object-position: 35% 0%;\n}\n@media (min-width:550px) {\n  #banner-1492388551 {\n    padding-top: 640px;\n  }\n}\n<\/style>\n  <\/div>\n\n\n\t\t<\/div>\n\t\t\t\t\n<style>\n#col-1593660576 > .col-inner {\n  padding: 0px 0px 0px 0px;\n}\n@media (min-width:550px) {\n  #col-1593660576 > .col-inner {\n    padding: 0px 120px 0px 0px;\n  }\n}\n<\/style>\n\t<\/div>\n\n\t\n\n\t<div id=\"col-182987159\" class=\"col medium-6 small-11 large-6\"  >\n\t\t\t\t<div class=\"col-inner\"  >\n\t\t\t\n\t\t\t\n<h2>Services to the community<\/h2>\n<div class=\"is-divider divider clearfix\" style=\"margin-top:2.0em;margin-bottom:2.0em;max-width:150px;height:10px;\"><\/div>\n<div class=\"row align-center\"  id=\"row-1753786363\">\n\n\t<div id=\"col-111341678\" class=\"col medium-10 small-12 large-10\"  >\n\t\t\t\t<div class=\"col-inner\"  >\n\t\t\t\n\t\t\t\n<p>Do you have a project in mind to help develop your community or organization?<\/p>\n<p>We can assist you in making your project a reality. We create partnerships with local stakeholders to help advance projects that serve the well-being of the community.<\/p>\n<a href=\"https:\/\/forms.office.com\/Pages\/ResponsePage.aspx?id=w872Yv_N8E6kXYl_ZQTbEGU7ofQAG29EqPWcjQoVE61UNFQ1Mkk4S1pZUVlUNVNVUzJGRlRXR0ZUSy4u\" target=\"_blank\" class=\"button primary\" rel=\"noopener\" style=\"padding:10px 20px 10px 20px;\">\n\t\t<span>Fill out the form<\/span>\n\t<\/a>\n\n\t\t<\/div>\n\t\t\t\t\t<\/div>\n\n\t\n<\/div>\n\t\t<\/div>\n\t\t\t\t\t<\/div>\n\n\t\n<\/div>\n\t\t<\/div>\n\n\t\t\n<style>\n#section_827850989 {\n  padding-top: 50px;\n  padding-bottom: 50px;\n  min-height: 500px;\n}\n@media (min-width:550px) {\n  #section_827850989 {\n    min-height: 700px;\n  }\n}\n<\/style>\n\t<\/section>\n\t\n\n\t<section class=\"section\" id=\"section_89150815\">\n\t\t<div class=\"section-bg fill\" >\n\t\t\t\t\t\t\t\t\t\n\t\t\t\n\n\t\t<\/div>\n\n\t\t\n\n\t\t<div class=\"section-content relative\">\n\t\t\t\n<div class=\"row row-collapse row-full-width align-middle align-center serviceOfferts\"  id=\"row-1290970840\">\n\n\t<div id=\"col-1432824859\" class=\"col medium-6 small-11 large-6\"  >\n\t\t\t\t<div class=\"col-inner\"  >\n\t\t\t\n\t\t\t\n<h2>Services to businesses<\/h2>\n<div class=\"is-divider divider clearfix\" style=\"margin-top:2.0em;margin-bottom:2.0em;max-width:150px;height:10px;\"><\/div>\n<div class=\"row align-center\"  id=\"row-754834821\">\n\n\t<div id=\"col-1395107604\" class=\"col medium-10 small-12 large-10\"  >\n\t\t\t\t<div class=\"col-inner\"  >\n\t\t\t\n\t\t\t\n<p>Do you have an acquisition, start-up, expansion, modernization or succession project for your business?<\/p>\n<p>We can assist you via advisory services and loans suited to your needs.<\/p>\n<a href=\"https:\/\/forms.office.com\/Pages\/ResponsePage.aspx?id=w872Yv_N8E6kXYl_ZQTbEGU7ofQAG29EqPWcjQoVE61UNFQ1Mkk4S1pZUVlUNVNVUzJGRlRXR0ZUSy4u\" target=\"_blank\" class=\"button primary\" rel=\"noopener\" style=\"padding:10px 20px 10px 20px;\">\n\t\t<span>Fill out the form<\/span>\n\t<\/a>\n\n\t\t<\/div>\n\t\t\t\t\t<\/div>\n\n\t\n<\/div>\n\t\t<\/div>\n\t\t\t\t\n<style>\n#col-1432824859 > .col-inner {\n  margin: 0px 10px 0px 10px;\n}\n@media (min-width:550px) {\n  #col-1432824859 > .col-inner {\n    margin: 0px 0px 0px 120px;\n  }\n}\n<\/style>\n\t<\/div>\n\n\t\n\n\t<div id=\"col-180747551\" class=\"col medium-6 small-12 large-6\"  >\n\t\t\t\t<div class=\"col-inner\"  >\n\t\t\t\n\t\t\t\n\n  <div class=\"banner has-hover has-parallax\" id=\"banner-1826869069\">\n          <div class=\"banner-inner fill\">\n        <div class=\"banner-bg fill\" data-parallax=\"-3\" data-parallax-container=\".banner\" data-parallax-background>\n            <img decoding=\"async\" width=\"1020\" height=\"680\" src=\"https:\/\/sadccoaticook.ca\/wp-content\/uploads\/2021\/02\/AFFUTAGE-MAX-SciINNOVE-Compton-nb-web-1280x853.jpg\" class=\"bg attachment-large size-large\" alt=\"\" \/>                                    \n                    <\/div>\n\t\t\n        <div class=\"banner-layers container\">\n            <div class=\"fill banner-link\"><\/div>            \n        <\/div>\n      <\/div>\n\n            \n<style>\n#banner-1826869069 {\n  padding-top: 375px;\n  background-color: rgb(255,255,255);\n}\n#banner-1826869069 .banner-bg img {\n  object-position: 42% 3%;\n}\n@media (min-width:550px) {\n  #banner-1826869069 {\n    padding-top: 640px;\n  }\n}\n<\/style>\n  <\/div>\n\n\n\t\t<\/div>\n\t\t\t\t\n<style>\n#col-180747551 > .col-inner {\n  padding: 0px 0px 0px 0px;\n}\n@media (min-width:550px) {\n  #col-180747551 > .col-inner {\n    padding: 0px 0px 0px 120px;\n  }\n}\n<\/style>\n\t<\/div>\n\n\t\n<\/div>\n\t\t<\/div>\n\n\t\t\n<style>\n#section_89150815 {\n  padding-top: 35px;\n  padding-bottom: 35px;\n  min-height: 500px;\n}\n@media (min-width:550px) {\n  #section_89150815 {\n    min-height: 700px;\n  }\n}\n<\/style>\n\t<\/section>\n\t\n\n\t<section class=\"section dark\" id=\"section_877110572\">\n\t\t<div class=\"section-bg fill\" >\n\t\t\t\t\t\t\t\t\t\n\t\t\t\n\n\t\t<\/div>\n\n\t\t\n\n\t\t<div class=\"section-content relative\">\n\t\t\t\n<div class=\"row align-center\"  id=\"row-1401659226\">\n\n\t<div id=\"col-1332078271\" class=\"col medium-6 small-12 large-6\"  >\n\t\t\t\t<div class=\"col-inner text-center\"  >\n\t\t\t\n\t\t\t\n\t<div id=\"text-4187241179\" class=\"text coaticook-list\">\n\t\t\n<h3 class=\"thin-font\"><em>Become an SADC member<\/em><\/h3>\n<h5 class=\"uppercase\"><span style=\"font-size: 130%;\" data-text-color=\"primary\">Multiple benefits:<\/span><\/h5>\n<ul>\n<li class=\"bullet-arrow\" style=\"text-align: left;\">Discounts on SADC training and assistance<\/li>\n<li class=\"bullet-arrow-coaticook bullet-arrow\" style=\"text-align: left;\">Member priority on products and services<\/li>\n<li class=\"bullet-arrow-coaticook bullet-arrow\" style=\"text-align: left;\">Privileged, targeted information tailored to your needs<\/li>\n<\/ul>\n\t\t\n<style>\n#text-4187241179 {\n  text-align: center;\n}\n<\/style>\n\t<\/div>\n\t\n<a href=\"https:\/\/sadccoaticook.ca\/en\/become-a-member\/\" class=\"button primary\" style=\"padding:10px 20px 10px 20px;\">\n\t\t<span>Become a member<\/span>\n\t<\/a>\n\n\t\t<\/div>\n\t\t\t\t\t<\/div>\n\n\t\n<\/div>\n\t\t<\/div>\n\n\t\t\n<style>\n#section_877110572 {\n  padding-top: 50px;\n  padding-bottom: 50px;\n  background-color: rgb(126, 128, 131);\n}\n<\/style>\n\t<\/section>\n\t\n\n\t<section class=\"section\" id=\"section_645190550\">\n\t\t<div class=\"section-bg fill\" >\n\t\t\t\t\t\t\t\t\t\n\t\t\t\n\n\t\t<\/div>\n\n\t\t\n\n\t\t<div class=\"section-content relative\">\n\t\t\t\n<div class=\"row\"  id=\"row-1097676673\">\n\n\t<div id=\"col-267790472\" class=\"col small-12 large-12\"  >\n\t\t\t\t<div class=\"col-inner\"  >\n\t\t\t\n\t\t\t\n<h2>News &#8230;<\/h2>\n<div class=\"is-divider divider clearfix\" style=\"margin-top:2.0em;margin-bottom:2.0em;max-width:150px;height:10px;\"><\/div>\n\t\t<\/div>\n\t\t\t\t\t<\/div>\n\n\t\n<\/div>\n<div class=\"row\"  id=\"row-842415602\">\n\n\t<div id=\"col-545567840\" class=\"col small-12 large-12\"  >\n\t\t\t\t<div class=\"col-inner\"  >\n\t\t\t\n\t\t\t\n\n  \n    <div class=\"row large-columns-4 medium-columns-1 small-columns-1 row-large has-shadow row-box-shadow-1-hover slider row-slider slider-nav-reveal slider-nav-push\"  data-flickity-options='{&quot;imagesLoaded&quot;: true, &quot;groupCells&quot;: &quot;100%&quot;, &quot;dragThreshold&quot; : 5, &quot;cellAlign&quot;: &quot;left&quot;,&quot;wrapAround&quot;: true,&quot;prevNextButtons&quot;: true,&quot;percentPosition&quot;: true,&quot;pageDots&quot;: false, &quot;rightToLeft&quot;: false, &quot;autoPlay&quot; : false}' >\n\n  <div class=\"col post-item\" >\n\t\t\t<div class=\"col-inner\">\n\t\t\t\t<div class=\"box box-normal box-text-bottom box-blog-post has-hover\">\n            \t\t\t\t\t<div class=\"box-image\" >\n  \t\t\t\t\t\t<div class=\"image-cover\" style=\"padding-top:75%;\">\n\t\t\t\t\t\t\t<a href=\"https:\/\/sadccoaticook.ca\/en\/the-2026-defi-osentreprendre-winning-businesses-in-the-mrc-of-coaticook\/\" class=\"plain\" aria-label=\"The 2026 D\u00e9fi OSEntreprendre winning businesses in the MRC of Coaticook\">\n\t\t\t\t\t\t\t\t<img decoding=\"async\" width=\"450\" height=\"339\" src=\"https:\/\/sadccoaticook.ca\/wp-content\/uploads\/2026\/03\/01-450x339.jpg\" class=\"attachment-medium size-medium wp-post-image\" alt=\"\" srcset=\"https:\/\/sadccoaticook.ca\/wp-content\/uploads\/2026\/03\/01-450x339.jpg 450w, https:\/\/sadccoaticook.ca\/wp-content\/uploads\/2026\/03\/01-1280x965.jpg 1280w, https:\/\/sadccoaticook.ca\/wp-content\/uploads\/2026\/03\/01-768x579.jpg 768w, https:\/\/sadccoaticook.ca\/wp-content\/uploads\/2026\/03\/01-1536x1158.jpg 1536w, https:\/\/sadccoaticook.ca\/wp-content\/uploads\/2026\/03\/01-2048x1544.jpg 2048w\" sizes=\"(max-width: 450px) 100vw, 450px\" \/>\t\t\t\t\t\t\t<\/a>\n  \t\t\t\t\t\t\t  \t\t\t\t\t\t\t  \t\t\t\t\t\t<\/div>\n  \t\t\t\t\t\t  \t\t\t\t\t<\/div>\n          \t\t\t\t\t<div class=\"box-text text-left\" >\n\t\t\t\t\t<div class=\"box-text-inner blog-post-inner\">\n\n\t\t\t\t\t\n\t\t\t\t\t\t\t\t\t\t\t<p class=\"cat-label  is-xxsmall op-7 uppercase\">\n\t\t\t\t\tBusiness Event SADC \t\t\t\t\t<\/p>\n\t\t\t\t\t\t\t\t\t\t<h5 class=\"post-title is-larger \">\n\t\t\t\t\t\t<a href=\"https:\/\/sadccoaticook.ca\/en\/the-2026-defi-osentreprendre-winning-businesses-in-the-mrc-of-coaticook\/\" class=\"plain\">The 2026 D\u00e9fi OSEntreprendre winning businesses in the MRC of Coaticook<\/a>\n\t\t\t\t\t<\/h5>\n\t\t\t\t\t\t\t\t\t\t<div class=\"is-divider\"><\/div>\n\t\t\t\t\t                    \n\t\t\t\t\t\t\t\t\t\t\t<a href=\"https:\/\/sadccoaticook.ca\/en\/the-2026-defi-osentreprendre-winning-businesses-in-the-mrc-of-coaticook\/\" class=\"button  is-outline is-small mb-0\">\n\t\t\t\t\t\t\tRead the article\t\t\t\t\t\t<\/a>\n\t\t\t\t\t\n\t\t\t\t\t\n\t\t\t\t\t<\/div>\n\t\t\t\t\t<\/div>\n\t\t\t\t\t\t\t\t\t<\/div>\n\t\t\t<\/div>\n\t\t<\/div><div class=\"col post-item\" >\n\t\t\t<div class=\"col-inner\">\n\t\t\t\t<div class=\"box box-normal box-text-bottom box-blog-post has-hover\">\n            \t\t\t\t\t<div class=\"box-image\" >\n  \t\t\t\t\t\t<div class=\"image-cover\" style=\"padding-top:75%;\">\n\t\t\t\t\t\t\t<a href=\"https:\/\/sadccoaticook.ca\/en\/2026-gala-defi-osentreprendre\/\" class=\"plain\" aria-label=\"Invitation to the 2026 local gala of the D\u00e9fi OSEntreprendre\">\n\t\t\t\t\t\t\t\t<img decoding=\"async\" width=\"300\" height=\"225\" src=\"https:\/\/sadccoaticook.ca\/wp-content\/uploads\/2026\/02\/VIGNETTE_26-02_OSEntreprendre-1.png\" class=\"attachment-medium size-medium wp-post-image\" alt=\"\" \/>\t\t\t\t\t\t\t<\/a>\n  \t\t\t\t\t\t\t  \t\t\t\t\t\t\t  \t\t\t\t\t\t<\/div>\n  \t\t\t\t\t\t  \t\t\t\t\t<\/div>\n          \t\t\t\t\t<div class=\"box-text text-left\" >\n\t\t\t\t\t<div class=\"box-text-inner blog-post-inner\">\n\n\t\t\t\t\t\n\t\t\t\t\t\t\t\t\t\t\t<p class=\"cat-label  is-xxsmall op-7 uppercase\">\n\t\t\t\t\tEvent Business \t\t\t\t\t<\/p>\n\t\t\t\t\t\t\t\t\t\t<h5 class=\"post-title is-larger \">\n\t\t\t\t\t\t<a href=\"https:\/\/sadccoaticook.ca\/en\/2026-gala-defi-osentreprendre\/\" class=\"plain\">Invitation to the 2026 local gala of the D\u00e9fi OSEntreprendre<\/a>\n\t\t\t\t\t<\/h5>\n\t\t\t\t\t\t\t\t\t\t<div class=\"is-divider\"><\/div>\n\t\t\t\t\t                    \n\t\t\t\t\t\t\t\t\t\t\t<a href=\"https:\/\/sadccoaticook.ca\/en\/2026-gala-defi-osentreprendre\/\" class=\"button  is-outline is-small mb-0\">\n\t\t\t\t\t\t\tRead the article\t\t\t\t\t\t<\/a>\n\t\t\t\t\t\n\t\t\t\t\t\n\t\t\t\t\t<\/div>\n\t\t\t\t\t<\/div>\n\t\t\t\t\t\t\t\t\t<\/div>\n\t\t\t<\/div>\n\t\t<\/div><div class=\"col post-item\" >\n\t\t\t<div class=\"col-inner\">\n\t\t\t\t<div class=\"box box-normal box-text-bottom box-blog-post has-hover\">\n            \t\t\t\t\t<div class=\"box-image\" >\n  \t\t\t\t\t\t<div class=\"image-cover\" style=\"padding-top:75%;\">\n\t\t\t\t\t\t\t<a href=\"https:\/\/sadccoaticook.ca\/en\/defi-osentreprendre-2026\/\" class=\"plain\" aria-label=\"Registration for the D\u00e9fi OSEntreprendre\">\n\t\t\t\t\t\t\t\t<img decoding=\"async\" width=\"300\" height=\"225\" src=\"https:\/\/sadccoaticook.ca\/wp-content\/uploads\/2026\/02\/VIGNETTE_26-02_OSEntreprendre.png\" class=\"attachment-medium size-medium wp-post-image\" alt=\"\" \/>\t\t\t\t\t\t\t<\/a>\n  \t\t\t\t\t\t\t  \t\t\t\t\t\t\t  \t\t\t\t\t\t<\/div>\n  \t\t\t\t\t\t  \t\t\t\t\t<\/div>\n          \t\t\t\t\t<div class=\"box-text text-left\" >\n\t\t\t\t\t<div class=\"box-text-inner blog-post-inner\">\n\n\t\t\t\t\t\n\t\t\t\t\t\t\t\t\t\t\t<p class=\"cat-label  is-xxsmall op-7 uppercase\">\n\t\t\t\t\tSADC News \t\t\t\t\t<\/p>\n\t\t\t\t\t\t\t\t\t\t<h5 class=\"post-title is-larger \">\n\t\t\t\t\t\t<a href=\"https:\/\/sadccoaticook.ca\/en\/defi-osentreprendre-2026\/\" class=\"plain\">Registration for the D\u00e9fi OSEntreprendre<\/a>\n\t\t\t\t\t<\/h5>\n\t\t\t\t\t\t\t\t\t\t<div class=\"is-divider\"><\/div>\n\t\t\t\t\t                    \n\t\t\t\t\t\t\t\t\t\t\t<a href=\"https:\/\/sadccoaticook.ca\/en\/defi-osentreprendre-2026\/\" class=\"button  is-outline is-small mb-0\">\n\t\t\t\t\t\t\tRead the article\t\t\t\t\t\t<\/a>\n\t\t\t\t\t\n\t\t\t\t\t\n\t\t\t\t\t<\/div>\n\t\t\t\t\t<\/div>\n\t\t\t\t\t\t\t\t\t<\/div>\n\t\t\t<\/div>\n\t\t<\/div><div class=\"col post-item\" >\n\t\t\t<div class=\"col-inner\">\n\t\t\t\t<div class=\"box box-normal box-text-bottom box-blog-post has-hover\">\n            \t\t\t\t\t<div class=\"box-image\" >\n  \t\t\t\t\t\t<div class=\"image-cover\" style=\"padding-top:75%;\">\n\t\t\t\t\t\t\t<a href=\"https:\/\/sadccoaticook.ca\/en\/our-2026-resolution\/\" class=\"plain\" aria-label=\"Our 2026 resolution: to promote a socioeconomic vision for the development of the Coaticook region\">\n\t\t\t\t\t\t\t\t<img decoding=\"async\" width=\"300\" height=\"225\" src=\"https:\/\/sadccoaticook.ca\/wp-content\/uploads\/2026\/02\/VIGNETTE_26-02_statement.png\" class=\"attachment-medium size-medium wp-post-image\" alt=\"\" \/>\t\t\t\t\t\t\t<\/a>\n  \t\t\t\t\t\t\t  \t\t\t\t\t\t\t  \t\t\t\t\t\t<\/div>\n  \t\t\t\t\t\t  \t\t\t\t\t<\/div>\n          \t\t\t\t\t<div class=\"box-text text-left\" >\n\t\t\t\t\t<div class=\"box-text-inner blog-post-inner\">\n\n\t\t\t\t\t\n\t\t\t\t\t\t\t\t\t\t\t<p class=\"cat-label  is-xxsmall op-7 uppercase\">\n\t\t\t\t\tNews SADC \t\t\t\t\t<\/p>\n\t\t\t\t\t\t\t\t\t\t<h5 class=\"post-title is-larger \">\n\t\t\t\t\t\t<a href=\"https:\/\/sadccoaticook.ca\/en\/our-2026-resolution\/\" class=\"plain\">Our 2026 resolution: to promote a socioeconomic vision for the development of the Coaticook region<\/a>\n\t\t\t\t\t<\/h5>\n\t\t\t\t\t\t\t\t\t\t<div class=\"is-divider\"><\/div>\n\t\t\t\t\t                    \n\t\t\t\t\t\t\t\t\t\t\t<a href=\"https:\/\/sadccoaticook.ca\/en\/our-2026-resolution\/\" class=\"button  is-outline is-small mb-0\">\n\t\t\t\t\t\t\tRead the article\t\t\t\t\t\t<\/a>\n\t\t\t\t\t\n\t\t\t\t\t\n\t\t\t\t\t<\/div>\n\t\t\t\t\t<\/div>\n\t\t\t\t\t\t\t\t\t<\/div>\n\t\t\t<\/div>\n\t\t<\/div><\/div>\n\t\t<\/div>\n\t\t\t\t\t<\/div>\n\n\t\n<\/div>\n<div class=\"row\"  id=\"row-1987489041\">\n\n\t<div id=\"col-1722268941\" class=\"col hide-for-small medium-3 small-12 large-3\"  >\n\t\t\t\t<div class=\"col-inner\"  >\n\t\t\t\n\t\t\t\n\t\t<\/div>\n\t\t\t\t\t<\/div>\n\n\t\n\n\t<div id=\"col-1337531927\" class=\"col hide-for-small medium-6 small-12 large-6\"  >\n\t\t\t\t<div class=\"col-inner\"  >\n\t\t\t\n\t\t\t\n<a href=\"https:\/\/sadccoaticook.ca\/en\/news\/\" class=\"button primary expand\" style=\"padding:10px 20px 10px 20px;\">\n\t\t<span>See all the articles<\/span>\n\t<\/a>\n\n\t\t<\/div>\n\t\t\t\t\t<\/div>\n\n\t\n\n\t<div id=\"col-1118576353\" class=\"col medium-3 small-12 large-3\"  >\n\t\t\t\t<div class=\"col-inner text-right\"  >\n\t\t\t\n\t\t\t\n\t\t<\/div>\n\t\t\t\t\t<\/div>\n\n\t\n<\/div>\n\t\t<\/div>\n\n\t\t\n<style>\n#section_645190550 {\n  padding-top: 50px;\n  padding-bottom: 50px;\n}\n<\/style>\n\t<\/section>\n\t\n\n\t<section class=\"section\" id=\"section_780657887\">\n\t\t<div class=\"section-bg fill\" >\n\t\t\t\t\t\t\t\t\t\n\t\t\t\n\n\t\t<\/div>\n\n\t\t\n\n\t\t<div class=\"section-content relative\">\n\t\t\t\n<div class=\"row\"  id=\"row-955887762\">\n\n\t<div id=\"col-515278136\" class=\"col small-12 large-12\"  >\n\t\t\t\t<div class=\"col-inner\"  >\n\t\t\t\n\t\t\t\n<h2>The SADC in pictures<\/h2>\n<div class=\"is-divider divider clearfix\" style=\"margin-top:2.0em;margin-bottom:2.0em;max-width:150px;height:10px;\"><\/div>\n\t\t<\/div>\n\t\t\t\t\t<\/div>\n\n\t\n\n\t<div id=\"col-2028260063\" class=\"col small-12 large-12\"  >\n\t\t\t\t<div class=\"col-inner\"  >\n\t\t\t\n\t\t\t\n<div class=\"slider-wrapper relative\" id=\"slider-731731292\" >\n    <div class=\"slider slider-nav-circle slider-nav-large slider-nav-dark slider-nav-outside slider-style-normal slider-show-nav\"\n        data-flickity-options='{\n            \"cellAlign\": \"center\",\n            \"imagesLoaded\": true,\n            \"lazyLoad\": 1,\n            \"freeScroll\": false,\n            \"wrapAround\": true,\n            \"autoPlay\": 6000,\n            \"pauseAutoPlayOnHover\" : true,\n            \"prevNextButtons\": true,\n            \"contain\" : true,\n            \"adaptiveHeight\" : true,\n            \"dragThreshold\" : 10,\n            \"percentPosition\": true,\n            \"pageDots\": false,\n            \"rightToLeft\": false,\n            \"draggable\": true,\n            \"selectedAttraction\": 0.1,\n            \"parallax\" : 0,\n            \"friction\": 0.6        }'\n        >\n        \n<div class=\"row align-equal\"  id=\"row-629953315\">\n\n\t<div id=\"col-127307672\" class=\"col medium-4 small-12 large-4\"  >\n\t\t\t\t<div class=\"col-inner box-shadow-2\"  >\n\t\t\t\n\t\t\t\n<div class=\"row\"  id=\"row-1214845686\">\n\n\t<div id=\"col-1229325554\" class=\"col small-12 large-12\"  >\n\t\t\t\t<div class=\"col-inner\"  >\n\t\t\t\n\t\t\t\n<div class=\"video video-fit mb\" style=\"padding-top:0%;\"><div class=\"geodir-embed-container\"><iframe loading=\"lazy\" title=\"Capsule : Devenir membre partenaire de la SADC de la r\u00e9gion de Coaticook?\" width=\"1020\" height=\"574\" src=\"https:\/\/www.youtube.com\/embed\/CeFXVzqf1oY?feature=oembed\" frameborder=\"0\" allow=\"accelerometer; autoplay; clipboard-write; encrypted-media; gyroscope; picture-in-picture; web-share\" referrerpolicy=\"strict-origin-when-cross-origin\" allowfullscreen><\/iframe><\/div>\n<\/div>\n<p>Cette vid\u00e9o pr\u00e9sente les trois cat\u00e9gories de membres de la SADC de la r\u00e9gion de Coaticook. Elle pr\u00e9cise \u00e9galement les droits et conditions d\u2019adh\u00e9sion.<\/p>\n\t\t<\/div>\n\t\t\t\t\n<style>\n#col-1229325554 > .col-inner {\n  padding: 20px 20px 15px 20px;\n}\n<\/style>\n\t<\/div>\n\n\t\n<\/div>\n\t\t<\/div>\n\t\t\t\t\t<\/div>\n\n\t\n\n\t<div id=\"col-174679573\" class=\"col medium-4 small-12 large-4\"  >\n\t\t\t\t<div class=\"col-inner box-shadow-2\"  >\n\t\t\t\n\t\t\t\n<div class=\"row\"  id=\"row-1438783300\">\n\n\t<div id=\"col-1346468529\" class=\"col small-12 large-12\"  >\n\t\t\t\t<div class=\"col-inner\"  >\n\t\t\t\n\t\t\t\n<div class=\"video video-fit mb\" style=\"padding-top:0%;\"><div class=\"geodir-embed-container\"><iframe loading=\"lazy\" title=\"Que ta biz-naisse (slam)\" width=\"1020\" height=\"574\" src=\"https:\/\/www.youtube.com\/embed\/wiGMiQZxQEg?feature=oembed\" frameborder=\"0\" allow=\"accelerometer; autoplay; clipboard-write; encrypted-media; gyroscope; picture-in-picture; web-share\" referrerpolicy=\"strict-origin-when-cross-origin\" allowfullscreen><\/iframe><\/div>\n<\/div>\n<p>Lors de notre AGA du 2 juin 2016, nous avons invit\u00e9 le slameur David Dufour, alias D-Track, \u00e0 faire une petite prestation.<\/p>\n\t\t<\/div>\n\t\t\t\t\n<style>\n#col-1346468529 > .col-inner {\n  padding: 20px 20px 15px 20px;\n}\n<\/style>\n\t<\/div>\n\n\t\n<\/div>\n\t\t<\/div>\n\t\t\t\t\t<\/div>\n\n\t\n\n\t<div id=\"col-993879061\" class=\"col medium-4 small-12 large-4\"  >\n\t\t\t\t<div class=\"col-inner box-shadow-2\"  >\n\t\t\t\n\t\t\t\n<div class=\"row\"  id=\"row-419596188\">\n\n\t<div id=\"col-1929985977\" class=\"col small-12 large-12\"  >\n\t\t\t\t<div class=\"col-inner\"  >\n\t\t\t\n\t\t\t\n<div class=\"video video-fit mb\" style=\"padding-top:0%;\"><p>https:\/\/www.youtube.com\/watch?v=dQ_rQxxLOoQ<\/p>\n<\/div>\n<p>Lors de l\u2019AGA 2018-2019 de la SADC de la r\u00e9gion de Coaticook, nous avons invit\u00e9 le conteur Marc-Andr\u00e9 Fortin qui a expliqu\u00e9, en ses mots, qui nous sommes&#8230;.<\/p>\n\t\t<\/div>\n\t\t\t\t\n<style>\n#col-1929985977 > .col-inner {\n  padding: 20px 20px 15px 20px;\n}\n<\/style>\n\t<\/div>\n\n\t\n<\/div>\n\t\t<\/div>\n\t\t\t\t\t<\/div>\n\n\t\n<\/div>\n     <\/div>\n\n     <div class=\"loading-spin dark large centered\"><\/div>\n\n\t<\/div>\n\n\n\n\t\t<\/div>\n\t\t\t\t\t<\/div>\n\n\t\n<\/div>\n\t\t<\/div>\n\n\t\t\n<style>\n#section_780657887 {\n  padding-top: 50px;\n  padding-bottom: 50px;\n}\n<\/style>\n\t<\/section>\n\t\n","protected":false},"excerpt":{"rendered":"","protected":false},"author":13,"featured_media":0,"parent":0,"menu_order":0,"comment_status":"closed","ping_status":"closed","template":"page-blank.php","meta":{"footnotes":""},"class_list":["post-2755","page","type-page","status-publish","hentry"],"_links":{"self":[{"href":"https:\/\/sadccoaticook.ca\/en\/wp-json\/wp\/v2\/pages\/2755","targetHints":{"allow":["GET"]}}],"collection":[{"href":"https:\/\/sadccoaticook.ca\/en\/wp-json\/wp\/v2\/pages"}],"about":[{"href":"https:\/\/sadccoaticook.ca\/en\/wp-json\/wp\/v2\/types\/page"}],"author":[{"embeddable":true,"href":"https:\/\/sadccoaticook.ca\/en\/wp-json\/wp\/v2\/users\/13"}],"replies":[{"embeddable":true,"href":"https:\/\/sadccoaticook.ca\/en\/wp-json\/wp\/v2\/comments?post=2755"}],"version-history":[{"count":4,"href":"https:\/\/sadccoaticook.ca\/en\/wp-json\/wp\/v2\/pages\/2755\/revisions"}],"predecessor-version":[{"id":5264,"href":"https:\/\/sadccoaticook.ca\/en\/wp-json\/wp\/v2\/pages\/2755\/revisions\/5264"}],"wp:attachment":[{"href":"https:\/\/sadccoaticook.ca\/en\/wp-json\/wp\/v2\/media?parent=2755"}],"curies":[{"name":"wp","href":"https:\/\/api.w.org\/{rel}","templated":true}]}}