{"id":2784,"date":"2021-01-20T15:03:44","date_gmt":"2021-01-20T20:03:44","guid":{"rendered":"https:\/\/sadccoaticook.sadcoutaouais.ca\/?page_id=2784"},"modified":"2023-04-11T04:41:16","modified_gmt":"2023-04-11T08:41:16","slug":"local-economic-development","status":"publish","type":"page","link":"https:\/\/sadccoaticook.ca\/en\/local-economic-development\/","title":{"rendered":"Advisory services for local economic development"},"content":{"rendered":"\n  <div class=\"banner has-hover\" id=\"banner-627754773\">\n          <div class=\"banner-inner fill\">\n        <div class=\"banner-bg fill\" >\n            <img decoding=\"async\" width=\"1020\" height=\"388\" src=\"https:\/\/sadccoaticook.ca\/wp-content\/uploads\/2022\/11\/Accompagnement-a-la-collectivite-1280x487.jpg\" class=\"bg attachment-large size-large\" alt=\"\" \/>                        <div class=\"overlay\"><\/div>            \n                    <\/div>\n\t\t\n        <div class=\"banner-layers container\">\n            <div class=\"fill banner-link\"><\/div>            \n   <div id=\"text-box-436177271\" class=\"text-box banner-layer x10 md-x10 lg-x10 y50 md-y50 lg-y50 res-text\">\n                                <div class=\"text-box-content text \">\n              \n              <div class=\"text-inner text-left\">\n                  \n\t<div id=\"text-3614087950\" class=\"text\">\n\t\t\n<h1>Services for local economic development<\/h1>\n<h2>Advisory services for local economic development<\/h2>\n\t\t\n<style>\n#text-3614087950 {\n  color: rgb(255,255,255);\n}\n#text-3614087950 > * {\n  color: rgb(255,255,255);\n}\n<\/style>\n\t<\/div>\n\t\n              <\/div>\n           <\/div>\n                            \n<style>\n#text-box-436177271 {\n  width: 60%;\n}\n#text-box-436177271 .text-box-content {\n  font-size: 100%;\n}\n@media (min-width:550px) {\n  #text-box-436177271 {\n    width: 61%;\n  }\n}\n<\/style>\n    <\/div>\n \n        <\/div>\n      <\/div>\n\n            \n<style>\n#banner-627754773 {\n  padding-top: 500px;\n  background-color: rgb(255, 255, 255);\n}\n#banner-627754773 .overlay {\n  background-color: rgba(0, 0, 0, 0.337);\n}\n<\/style>\n  <\/div>\n\n\n\n\t<section class=\"section\" id=\"section_635776107\">\n\t\t<div class=\"section-bg fill\" >\n\t\t\t\t\t\t\t\t\t\n\t\t\t\n\n\t\t<\/div>\n\n\t\t\n\n\t\t<div class=\"section-content relative\">\n\t\t\t\n<div class=\"row\"  id=\"row-340364431\">\n\n\t<div id=\"col-1317447445\" class=\"col hide-for-small medium-1 small-12 large-1\"  >\n\t\t\t\t<div class=\"col-inner\"  >\n\t\t\t\n\t\t\t\n\t\t<\/div>\n\t\t\t\t\t<\/div>\n\n\t\n\n\t<div id=\"col-1557532697\" class=\"col medium-9 small-12 large-9\"  >\n\t\t\t\t<div class=\"col-inner\"  >\n\t\t\t\n\t\t\t\n<p>The SADC puts its professional resources at the disposal of the community to carry out initiatives focused on consultation and collective intelligence.<\/p>\n<ul>\n<li class=\"bullet-arrow\">We help devise and implement development strategies in the Coaticook area<\/li>\n<li class=\"bullet-arrow\">We finance promising projects and initiatives for the region<\/li>\n<li class=\"bullet-arrow\">We help circulate information and work together with community stakeholders to pursue common goals centred on regional issues<\/li>\n<li class=\"bullet-arrow\">We create and collaborate on projects that meet the needs of the community<\/li>\n<\/ul>\n\t\t<\/div>\n\t\t\t\t\t<\/div>\n\n\t\n\n\t<div id=\"col-1440363317\" class=\"col hide-for-small medium-2 small-12 large-2\"  >\n\t\t\t\t<div class=\"col-inner\"  >\n\t\t\t\n\t\t\t\n\t\t<\/div>\n\t\t\t\t\t<\/div>\n\n\t\n<\/div>\n<div class=\"row row-collapse row-full-width align-middle\"  id=\"row-1060710734\">\n\n\t<div id=\"col-1936593332\" class=\"col medium-5 small-12 large-5\"  >\n\t\t\t\t<div class=\"col-inner\"  >\n\t\t\t\n\t\t\t\n\t<div class=\"img has-hover x md-x lg-x y md-y lg-y\" id=\"image_1884318178\">\n\t\t\t\t\t\t\t\t<div class=\"img-inner image-cover dark\" style=\"padding-top:88%;\">\n\t\t\t<img decoding=\"async\" width=\"1020\" height=\"680\" src=\"https:\/\/sadccoaticook.ca\/wp-content\/uploads\/2021\/02\/Caoticook-centre-ville-20-nb-web-1280x853.jpg\" class=\"attachment-large size-large\" alt=\"\" srcset=\"https:\/\/sadccoaticook.ca\/wp-content\/uploads\/2021\/02\/Caoticook-centre-ville-20-nb-web-1280x853.jpg 1280w, https:\/\/sadccoaticook.ca\/wp-content\/uploads\/2021\/02\/Caoticook-centre-ville-20-nb-web-450x300.jpg 450w, https:\/\/sadccoaticook.ca\/wp-content\/uploads\/2021\/02\/Caoticook-centre-ville-20-nb-web-768x512.jpg 768w, https:\/\/sadccoaticook.ca\/wp-content\/uploads\/2021\/02\/Caoticook-centre-ville-20-nb-web-1536x1024.jpg 1536w, https:\/\/sadccoaticook.ca\/wp-content\/uploads\/2021\/02\/Caoticook-centre-ville-20-nb-web.jpg 1920w\" sizes=\"(max-width: 1020px) 100vw, 1020px\" \/>\t\t\t\t\t\t\n\t\t\t\t\t<\/div>\n\t\t\t\t\t\t\t\t\n<style>\n#image_1884318178 {\n  width: 100%;\n}\n<\/style>\n\t<\/div>\n\t\n\t\t<\/div>\n\t\t\t\t\n<style>\n#col-1936593332 > .col-inner {\n  padding: 0px47px 0px 0px 0px;\n}\n@media (min-width:550px) {\n  #col-1936593332 > .col-inner {\n    padding: 0px 120px 0px 0px;\n  }\n}\n<\/style>\n\t<\/div>\n\n\t\n\n\t<div id=\"col-92335328\" class=\"col medium-6 small-12 large-6\"  >\n\t\t\t\t<div class=\"col-inner\"  >\n\t\t\t\n\t\t\t\n<ul>\n<li class=\"bullet-arrow\">We offer training courses to help with skill development<\/li>\n<li class=\"bullet-arrow\">We sit on various local and regional committees<\/li>\n<li class=\"bullet-arrow\">We assist the region in the areas of governance, sustainable development, digital strategy, human resources management, and more<\/li>\n<li class=\"bullet-arrow\">We facilitate access to external professional resources<\/li>\n<li class=\"bullet-arrow\">We design tools and conduct studies to meet specific needs<\/li>\n<li class=\"bullet-arrow\">We translate documents and tools in order to make information available to the English-speaking community across the MRC<\/li>\n<\/ul>\n\t\t<\/div>\n\t\t\t\t\t<\/div>\n\n\t\n<\/div>\n\t\t<\/div>\n\n\t\t\n<style>\n#section_635776107 {\n  padding-top: 30px;\n  padding-bottom: 30px;\n}\n@media (min-width:550px) {\n  #section_635776107 {\n    padding-top: 60px;\n    padding-bottom: 60px;\n  }\n}\n@media (min-width:850px) {\n  #section_635776107 {\n    padding-top: 80px;\n    padding-bottom: 80px;\n  }\n}\n<\/style>\n\t<\/section>\n\t\n\n\t<section class=\"section\" id=\"section_1612266\">\n\t\t<div class=\"section-bg fill\" >\n\t\t\t\t\t\t\t\t\t\n\t\t\t\n\n\t\t<\/div>\n\n\t\t\n\n\t\t<div class=\"section-content relative\">\n\t\t\t\n<div class=\"row align-center\"  id=\"row-603337658\">\n\n\t<div id=\"col-1752389402\" class=\"col medium-9 small-12 large-9\"  >\n\t\t\t\t<div class=\"col-inner dark\"  >\n\t\t\t\n\t\t\t\n<h3>Community assistance process<\/h3>\n<div class=\"is-divider divider clearfix\" style=\"max-width:150px;height:10px;background-color:rgb(141, 198, 63);\"><\/div>\n\n\t\t<div class=\"tabbed-content tabs-min-height\">\n\t\t\t\n\t\t\t<ul class=\"nav nav-line-bottom nav-uppercase nav-size-normal nav-left active-on-hover\" role=\"tablist\"><li id=\"tab-information-request\" class=\"tab active has-icon\" role=\"presentation\"><a href=\"#tab_information-request\" role=\"tab\" aria-selected=\"true\" aria-controls=\"tab_information-request\"><span>Information request<\/span><\/a><\/li>\n<li id=\"tab-discussions\" class=\"tab has-icon\" role=\"presentation\"><a href=\"#tab_discussions\" tabindex=\"-1\" role=\"tab\" aria-selected=\"false\" aria-controls=\"tab_discussions\"><span>Discussions<\/span><\/a><\/li>\n<li id=\"tab-signing-of-the-agreement\" class=\"tab has-icon\" role=\"presentation\"><a href=\"#tab_signing-of-the-agreement\" tabindex=\"-1\" role=\"tab\" aria-selected=\"false\" aria-controls=\"tab_signing-of-the-agreement\"><span>Signing of the agreement<\/span><\/a><\/li>\n<li id=\"tab-payment\" class=\"tab has-icon\" role=\"presentation\"><a href=\"#tab_payment\" tabindex=\"-1\" role=\"tab\" aria-selected=\"false\" aria-controls=\"tab_payment\"><span>Payment<\/span><\/a><\/li>\n<li id=\"tab-follow-up\" class=\"tab has-icon\" role=\"presentation\"><a href=\"#tab_follow-up\" tabindex=\"-1\" role=\"tab\" aria-selected=\"false\" aria-controls=\"tab_follow-up\"><span>Follow-up<\/span><\/a><\/li><\/ul><div class=\"tab-panels\"><div id=\"tab_information-request\" class=\"panel active entry-content\" role=\"tabpanel\" aria-labelledby=\"tab-information-request\">\n<div class=\"row\"  id=\"row-26086120\">\n\n\t<div id=\"col-451685017\" class=\"col medium-2 small-12 large-2\"  >\n\t\t\t\t<div class=\"col-inner\"  >\n\t\t\t\n\t\t\t\n\t<div class=\"img has-hover x md-x lg-x y md-y lg-y\" id=\"image_1557271971\">\n\t\t\t\t\t\t\t\t<div class=\"img-inner dark\" >\n\t\t\t<img decoding=\"async\" width=\"135\" height=\"135\" src=\"https:\/\/sadccoaticook.ca\/wp-content\/uploads\/2021\/04\/picto1_processus_collectivite-1.png\" class=\"attachment-large size-large\" alt=\"\" \/>\t\t\t\t\t\t\n\t\t\t\t\t<\/div>\n\t\t\t\t\t\t\t\t\n<style>\n#image_1557271971 {\n  width: 100%;\n}\n<\/style>\n\t<\/div>\n\t\n\t\t<\/div>\n\t\t\t\t\t<\/div>\n\n\t\n\n\t<div id=\"col-135138130\" class=\"col medium-9 small-12 large-9\"  >\n\t\t\t\t<div class=\"col-inner\"  >\n\t\t\t\n\t\t\t\n<h4>Information request<\/h4>\n<p>Have a project in mind? Fill out the online form to share it with us. We will get in touch with you to discuss it.<\/p>\n<a href=\"https:\/\/sadccoaticook.ca\/en\/local-economic-development\/financial-support-request\/\" target=\"_blank\" class=\"button primary\" rel=\"noopener\" style=\"padding:10px 20px 10px 20px;\">\n\t\t<span>Fill out the form<\/span>\n\t<\/a>\n\n<h4>Have questions?<\/h4>\n<p>Feel free to contact us at 819-849-3053, ext. 123.<\/p>\n\t\t<\/div>\n\t\t\t\t\t<\/div>\n\n\t\n\n\t<div id=\"col-371004921\" class=\"col medium-1 small-12 large-1\"  >\n\t\t\t\t<div class=\"col-inner\"  >\n\t\t\t\n\t\t\t\n\t\t<\/div>\n\t\t\t\t\t<\/div>\n\n\t\n<\/div>\n<\/div>\n<div id=\"tab_discussions\" class=\"panel entry-content\" role=\"tabpanel\" aria-labelledby=\"tab-discussions\">\n<div class=\"row\"  id=\"row-1935774456\">\n\n\t<div id=\"col-2049128863\" class=\"col medium-2 small-12 large-2\"  >\n\t\t\t\t<div class=\"col-inner\"  >\n\t\t\t\n\t\t\t\n\t<div class=\"img has-hover x md-x lg-x y md-y lg-y\" id=\"image_1603174808\">\n\t\t\t\t\t\t\t\t<div class=\"img-inner dark\" >\n\t\t\t<img decoding=\"async\" width=\"135\" height=\"135\" src=\"https:\/\/sadccoaticook.ca\/wp-content\/uploads\/2021\/04\/picto2_processus_entreprise-1.png\" class=\"attachment-large size-large\" alt=\"\" \/>\t\t\t\t\t\t\n\t\t\t\t\t<\/div>\n\t\t\t\t\t\t\t\t\n<style>\n#image_1603174808 {\n  width: 100%;\n}\n<\/style>\n\t<\/div>\n\t\n\t\t<\/div>\n\t\t\t\t\t<\/div>\n\n\t\n\n\t<div id=\"col-528189261\" class=\"col medium-9 small-12 large-9\"  >\n\t\t\t\t<div class=\"col-inner\"  >\n\t\t\t\n\t\t\t\n<h4>Discussions with the development officer<\/h4>\n<p>Our development officer will speak with you to identify your needs and determine how we can assist you.<\/p>\n\t\t<\/div>\n\t\t\t\t\t<\/div>\n\n\t\n\n\t<div id=\"col-1763695179\" class=\"col medium-1 small-12 large-1\"  >\n\t\t\t\t<div class=\"col-inner\"  >\n\t\t\t\n\t\t\t\n\t\t<\/div>\n\t\t\t\t\t<\/div>\n\n\t\n<\/div>\n<\/div>\n<div id=\"tab_signing-of-the-agreement\" class=\"panel entry-content\" role=\"tabpanel\" aria-labelledby=\"tab-signing-of-the-agreement\">\n<div class=\"row\"  id=\"row-638733199\">\n\n\t<div id=\"col-854791187\" class=\"col medium-2 small-12 large-2\"  >\n\t\t\t\t<div class=\"col-inner\"  >\n\t\t\t\n\t\t\t\n\t<div class=\"img has-hover x md-x lg-x y md-y lg-y\" id=\"image_1436594396\">\n\t\t\t\t\t\t\t\t<div class=\"img-inner dark\" >\n\t\t\t<img decoding=\"async\" width=\"135\" height=\"135\" src=\"https:\/\/sadccoaticook.ca\/wp-content\/uploads\/2021\/04\/picto3_processus_collectivite-1.png\" class=\"attachment-large size-large\" alt=\"\" \/>\t\t\t\t\t\t\n\t\t\t\t\t<\/div>\n\t\t\t\t\t\t\t\t\n<style>\n#image_1436594396 {\n  width: 100%;\n}\n<\/style>\n\t<\/div>\n\t\n\t\t<\/div>\n\t\t\t\t\t<\/div>\n\n\t\n\n\t<div id=\"col-1294858430\" class=\"col medium-9 small-12 large-9\"  >\n\t\t\t\t<div class=\"col-inner\"  >\n\t\t\t\n\t\t\t\n<h4>Signing of a partnership agreement<\/h4>\n<p>A partnership agreement will need to be signed to specify the assistance to be provided, along with the terms and conditions.<\/p>\n\t\t<\/div>\n\t\t\t\t\t<\/div>\n\n\t\n\n\t<div id=\"col-1463494882\" class=\"col medium-1 small-12 large-1\"  >\n\t\t\t\t<div class=\"col-inner\"  >\n\t\t\t\n\t\t\t\n\t\t<\/div>\n\t\t\t\t\t<\/div>\n\n\t\n<\/div>\n<\/div>\n<div id=\"tab_payment\" class=\"panel entry-content\" role=\"tabpanel\" aria-labelledby=\"tab-payment\">\n<div class=\"row\"  id=\"row-1090688664\">\n\n\t<div id=\"col-281787467\" class=\"col medium-2 small-12 large-2\"  >\n\t\t\t\t<div class=\"col-inner\"  >\n\t\t\t\n\t\t\t\n\t<div class=\"img has-hover x md-x lg-x y md-y lg-y\" id=\"image_1704456726\">\n\t\t\t\t\t\t\t\t<div class=\"img-inner dark\" >\n\t\t\t<img decoding=\"async\" width=\"135\" height=\"135\" src=\"https:\/\/sadccoaticook.ca\/wp-content\/uploads\/2021\/04\/picto4_processus_collectivite-1.png\" class=\"attachment-large size-large\" alt=\"\" \/>\t\t\t\t\t\t\n\t\t\t\t\t<\/div>\n\t\t\t\t\t\t\t\t\n<style>\n#image_1704456726 {\n  width: 100%;\n}\n<\/style>\n\t<\/div>\n\t\n\t\t<\/div>\n\t\t\t\t\t<\/div>\n\n\t\n\n\t<div id=\"col-332058345\" class=\"col medium-9 small-12 large-9\"  >\n\t\t\t\t<div class=\"col-inner\"  >\n\t\t\t\n\t\t\t\n<h4>Payment of the financial contribution<\/h4>\n<p>In the case of a financial contribution, the SADC will pay 50% of the amount upon signing of the agreement and 50% after submission of the final report.<\/p>\n\t\t<\/div>\n\t\t\t\t\t<\/div>\n\n\t\n\n\t<div id=\"col-1755674410\" class=\"col medium-1 small-12 large-1\"  >\n\t\t\t\t<div class=\"col-inner\"  >\n\t\t\t\n\t\t\t\n\t\t<\/div>\n\t\t\t\t\t<\/div>\n\n\t\n<\/div>\n<\/div>\n<div id=\"tab_follow-up\" class=\"panel entry-content\" role=\"tabpanel\" aria-labelledby=\"tab-follow-up\">\n<div class=\"row\"  id=\"row-341747174\">\n\n\t<div id=\"col-1392654614\" class=\"col medium-2 small-12 large-2\"  >\n\t\t\t\t<div class=\"col-inner\"  >\n\t\t\t\n\t\t\t\n\t<div class=\"img has-hover x md-x lg-x y md-y lg-y\" id=\"image_1630976457\">\n\t\t\t\t\t\t\t\t<div class=\"img-inner dark\" >\n\t\t\t<img decoding=\"async\" width=\"135\" height=\"135\" src=\"https:\/\/sadccoaticook.ca\/wp-content\/uploads\/2021\/04\/picto6_processus_entreprise-1.png\" class=\"attachment-large size-large\" alt=\"\" \/>\t\t\t\t\t\t\n\t\t\t\t\t<\/div>\n\t\t\t\t\t\t\t\t\n<style>\n#image_1630976457 {\n  width: 100%;\n}\n<\/style>\n\t<\/div>\n\t\n\t\t<\/div>\n\t\t\t\t\t<\/div>\n\n\t\n\n\t<div id=\"col-1462954366\" class=\"col medium-9 small-12 large-9\"  >\n\t\t\t\t<div class=\"col-inner\"  >\n\t\t\t\n\t\t\t\n<h4>Follow-up and evaluation<\/h4>\n<p>The development officer will follow up with your project and can offer personalized advisory services as needed.<\/p>\n\t\t<\/div>\n\t\t\t\t\t<\/div>\n\n\t\n\n\t<div id=\"col-325427439\" class=\"col medium-1 small-12 large-1\"  >\n\t\t\t\t<div class=\"col-inner\"  >\n\t\t\t\n\t\t\t\n\t\t<\/div>\n\t\t\t\t\t<\/div>\n\n\t\n<\/div>\n<\/div><\/div><\/div>\n\t\t<\/div>\n\t\t\t\t\t<\/div>\n\n\t\n<\/div>\n\t\t<\/div>\n\n\t\t\n<style>\n#section_1612266 {\n  padding-top: 46px;\n  padding-bottom: 46px;\n  min-height: 387px;\n  background-color: rgb(68, 93, 86);\n}\n<\/style>\n\t<\/section>\n\t\n\n\t<section class=\"section\" id=\"section_766712401\">\n\t\t<div class=\"section-bg fill\" >\n\t\t\t\t\t\t\t\t\t\n\t\t\t\n\n\t\t<\/div>\n\n\t\t\n\n\t\t<div class=\"section-content relative\">\n\t\t\t\n<div class=\"row\"  id=\"row-2012575689\">\n\n\t<div id=\"col-1652345825\" class=\"col small-12 large-12\"  >\n\t\t\t\t<div class=\"col-inner\"  >\n\t\t\t\n\t\t\t\n<h2>Supported organizations<\/h2>\n<div class=\"is-divider divider clearfix\" style=\"max-width:150px;height:10px;\"><\/div>\n\t\t<\/div>\n\t\t\t\t\t<\/div>\n\n\t\n<\/div>\n<div class=\"row\"  id=\"row-1705197286\">\n\n\t<div id=\"col-1893948395\" class=\"col small-12 large-12\"  >\n\t\t\t\t<div class=\"col-inner\"  >\n\t\t\t\n\t\t\t\n<div class=\"slider-wrapper relative\" id=\"slider-336794448\" >\n    <div class=\"slider slider-nav-circle slider-nav-large slider-nav-dark slider-nav-outside slider-style-normal slider-show-nav\"\n        data-flickity-options='{\n            \"cellAlign\": \"center\",\n            \"imagesLoaded\": true,\n            \"lazyLoad\": 1,\n            \"freeScroll\": false,\n            \"wrapAround\": true,\n            \"autoPlay\": 6000,\n            \"pauseAutoPlayOnHover\" : true,\n            \"prevNextButtons\": true,\n            \"contain\" : true,\n            \"adaptiveHeight\" : true,\n            \"dragThreshold\" : 10,\n            \"percentPosition\": true,\n            \"pageDots\": false,\n            \"rightToLeft\": false,\n            \"draggable\": true,\n            \"selectedAttraction\": 0.1,\n            \"parallax\" : 0,\n            \"friction\": 0.6        }'\n        >\n        \n<div class=\"row\"  id=\"row-1797738798\">\n\n\t<div id=\"col-835916096\" class=\"col medium-4 small-12 large-4\"  >\n\t\t\t\t<div class=\"col-inner box-shadow-2\"  >\n\t\t\t\n\t\t\t\n\n  <div class=\"banner has-hover\" id=\"banner-1921678414\">\n          <div class=\"banner-inner fill\">\n        <div class=\"banner-bg fill\" >\n            <img decoding=\"async\" width=\"1020\" height=\"574\" src=\"https:\/\/sadccoaticook.ca\/wp-content\/uploads\/2021\/10\/Les-roles-de-la-presidence.png\" class=\"bg attachment-large size-large\" alt=\"\" \/>                                    \n                    <\/div>\n\t\t\n        <div class=\"banner-layers container\">\n            <div class=\"fill banner-link\"><\/div>            \n   <div id=\"text-box-1506186973\" class=\"text-box banner-layer x100 md-x100 lg-x100 y50 md-y50 lg-y50 res-text\">\n                                <div class=\"text-box-content text dark\">\n              \n              <div class=\"text-inner text-center\">\n                  \n<div class=\"video-button-wrapper\"><a href=\"https:\/\/www.youtube.com\/watch?v=P7nEKJVI498\" class=\"button open-video icon circle is-outline is-xlarge\" role=\"button\" aria-label=\"Open video in lightbox\" data-flatsome-role-button><i class=\"icon-play\" aria-hidden=\"true\" style=\"font-size:1.5em;\"><\/i><\/a><\/div>\n              <\/div>\n           <\/div>\n                            \n<style>\n#text-box-1506186973 {\n  width: 97%;\n}\n#text-box-1506186973 .text-box-content {\n  font-size: 166%;\n}\n<\/style>\n    <\/div>\n \n        <\/div>\n      <\/div>\n\n            \n<style>\n#banner-1921678414 {\n  padding-top: 65%;\n}\n<\/style>\n  <\/div>\n\n\n<div class=\"row\"  id=\"row-1303872371\">\n\n\t<div id=\"col-853181896\" class=\"col small-12 large-12\"  >\n\t\t\t\t<div class=\"col-inner\"  >\n\t\t\t\n\t\t\t\n<p>La SADC de la r\u00e9gion de Coaticook a r\u00e9alis\u00e9 une s\u00e9rie de vid\u00e9os portant sur la Gouvernance Strat\u00e9gique\u00ae.<\/p>\n\t\t<\/div>\n\t\t\t\t\n<style>\n#col-853181896 > .col-inner {\n  padding: 20px 20px 15px 20px;\n}\n<\/style>\n\t<\/div>\n\n\t\n<\/div>\n\t\t<\/div>\n\t\t\t\t\t<\/div>\n\n\t\n\n\t<div id=\"col-1669855692\" class=\"col medium-4 small-12 large-4\"  >\n\t\t\t\t<div class=\"col-inner box-shadow-2\"  >\n\t\t\t\n\t\t\t\n\n  <div class=\"banner has-hover\" id=\"banner-843911507\">\n          <div class=\"banner-inner fill\">\n        <div class=\"banner-bg fill\" >\n            <img decoding=\"async\" width=\"1020\" height=\"570\" src=\"https:\/\/sadccoaticook.ca\/wp-content\/uploads\/2022\/12\/Capture-decran-2022-12-07-104056.png\" class=\"bg attachment-large size-large\" alt=\"\" \/>                                    \n                    <\/div>\n\t\t\n        <div class=\"banner-layers container\">\n            <div class=\"fill banner-link\"><\/div>            \n   <div id=\"text-box-1551797914\" class=\"text-box banner-layer x5 md-x5 lg-x5 y50 md-y50 lg-y50 res-text\">\n                                <div class=\"text-box-content text dark\">\n              \n              <div class=\"text-inner text-center\">\n                  \n<div class=\"video-button-wrapper\"><a href=\"https:\/\/youtu.be\/BLvi7nSsq-Q\" class=\"button open-video icon circle is-outline is-xlarge\" role=\"button\" aria-label=\"Open video in lightbox\" data-flatsome-role-button><i class=\"icon-play\" aria-hidden=\"true\" style=\"font-size:1.5em;\"><\/i><\/a><\/div>\n              <\/div>\n           <\/div>\n                            \n<style>\n#text-box-1551797914 {\n  width: 97%;\n}\n#text-box-1551797914 .text-box-content {\n  font-size: 166%;\n}\n<\/style>\n    <\/div>\n \n        <\/div>\n      <\/div>\n\n            \n<style>\n#banner-843911507 {\n  padding-top: 65%;\n}\n<\/style>\n  <\/div>\n\n\n<div class=\"row\"  id=\"row-1349495191\">\n\n\t<div id=\"col-824420386\" class=\"col small-12 large-12\"  >\n\t\t\t\t<div class=\"col-inner\"  >\n\t\t\t\n\t\t\t\n<p>La SADC de la r\u00e9gion de Coaticook a r\u00e9alis\u00e9 une s\u00e9rie de vid\u00e9os portant sur la Gouvernance Strat\u00e9gique\u00ae.<\/p>\n\t\t<\/div>\n\t\t\t\t\n<style>\n#col-824420386 > .col-inner {\n  padding: 20px 20px 15px 20px;\n}\n<\/style>\n\t<\/div>\n\n\t\n<\/div>\n\t\t<\/div>\n\t\t\t\t\t<\/div>\n\n\t\n<\/div>\n     <\/div>\n\n     <div class=\"loading-spin dark large centered\"><\/div>\n\n\t<\/div>\n\n\n\t\t<\/div>\n\t\t\t\t\t<\/div>\n\n\t\n<\/div>\n\n\t\t<\/div>\n\n\t\t\n<style>\n#section_766712401 {\n  padding-top: 60px;\n  padding-bottom: 60px;\n}\n@media (min-width:850px) {\n  #section_766712401 {\n    padding-top: 80px;\n    padding-bottom: 80px;\n  }\n}\n<\/style>\n\t<\/section>\n\t\n","protected":false},"excerpt":{"rendered":"","protected":false},"author":13,"featured_media":0,"parent":0,"menu_order":2,"comment_status":"closed","ping_status":"closed","template":"page-blank.php","meta":{"footnotes":""},"class_list":["post-2784","page","type-page","status-publish","hentry"],"_links":{"self":[{"href":"https:\/\/sadccoaticook.ca\/en\/wp-json\/wp\/v2\/pages\/2784","targetHints":{"allow":["GET"]}}],"collection":[{"href":"https:\/\/sadccoaticook.ca\/en\/wp-json\/wp\/v2\/pages"}],"about":[{"href":"https:\/\/sadccoaticook.ca\/en\/wp-json\/wp\/v2\/types\/page"}],"author":[{"embeddable":true,"href":"https:\/\/sadccoaticook.ca\/en\/wp-json\/wp\/v2\/users\/13"}],"replies":[{"embeddable":true,"href":"https:\/\/sadccoaticook.ca\/en\/wp-json\/wp\/v2\/comments?post=2784"}],"version-history":[{"count":5,"href":"https:\/\/sadccoaticook.ca\/en\/wp-json\/wp\/v2\/pages\/2784\/revisions"}],"predecessor-version":[{"id":3734,"href":"https:\/\/sadccoaticook.ca\/en\/wp-json\/wp\/v2\/pages\/2784\/revisions\/3734"}],"wp:attachment":[{"href":"https:\/\/sadccoaticook.ca\/en\/wp-json\/wp\/v2\/media?parent=2784"}],"curies":[{"name":"wp","href":"https:\/\/api.w.org\/{rel}","templated":true}]}}