{"id":3031,"date":"2022-02-07T11:04:05","date_gmt":"2022-02-07T16:04:05","guid":{"rendered":"https:\/\/sadccoaticook.ca\/?page_id=3031"},"modified":"2023-03-12T10:45:34","modified_gmt":"2023-03-12T14:45:34","slug":"our-partners","status":"publish","type":"page","link":"https:\/\/sadccoaticook.ca\/en\/the-sadc\/our-partners\/","title":{"rendered":"Our Partners"},"content":{"rendered":"  <div id=\"page-header-1068082938\" class=\"page-header-wrapper\">\n  <div class=\"page-title dark normal-title\">\n\n        <div class=\"page-title-bg\">\n      <div class=\"title-bg fill bg-fill\"\n        data-parallax-container=\".page-title\"\n        data-parallax-background\n        data-parallax=\"-\">\n      <\/div>\n      <div class=\"title-overlay fill\"><\/div>\n    <\/div>\n    \n    <div class=\"page-title-inner container align-center flex-row medium-flex-wrap\" >\n              <div class=\"title-wrapper flex-col text-left medium-text-center\">\n          <h1 class=\"entry-title mb-0\">\n            Our Partners          <\/h1>\n        <\/div>\n                    <div class=\"title-content flex-col flex-right text-right medium-text-center\">\n        <div class=\"title-breadcrumbs pb-half pt-half\"><\/div>      <\/div>\n    <\/div>\n\n     \n<style>\n#page-header-1068082938 .page-title-inner {\n  min-height: 250px;\n}\n#page-header-1068082938 .title-bg {\n  background-image: url(https:\/\/sadccoaticook.ca\/wp-content\/uploads\/2023\/03\/Membre-partenaire-scaled.jpg);\n}\n#page-header-1068082938 .title-overlay {\n  background-color: rgba(0,0,0,.5);\n}\n@media (min-width:550px) {\n  #page-header-1068082938 .page-title-inner {\n    min-height: 489px;\n  }\n}\n<\/style>\n  <\/div>\n    <\/div>\n  \n\n\t<section class=\"section\" id=\"section_1271159309\">\n\t\t<div class=\"section-bg fill\" >\n\t\t\t\t\t\t\t\t\t\n\t\t\t\n\n\t\t<\/div>\n\n\t\t\n\n\t\t<div class=\"section-content relative\">\n\t\t\t\n<div class=\"row\"  id=\"row-518743839\">\n\n\t<div id=\"col-2070379506\" class=\"col small-12 large-12\"  >\n\t\t\t\t<div class=\"col-inner\"  >\n\t\t\t\n\t\t\t\n<h2>Our Partners<\/h2>\n<div class=\"is-divider divider clearfix\" style=\"max-width:150px;height:10px;\"><\/div>\n\t\t<\/div>\n\t\t\t\t\t<\/div>\n\n\t\n<\/div>\n<div class=\"row\"  id=\"row-206621869\">\n\n\t<div id=\"col-1479680821\" class=\"col hide-for-small medium-2 small-12 large-2\"  >\n\t\t\t\t<div class=\"col-inner\"  >\n\t\t\t\n\t\t\t\n\t\t<\/div>\n\t\t\t\t\t<\/div>\n\n\t\n\n\t<div id=\"col-1326852650\" class=\"col medium-7 small-12 large-7\"  >\n\t\t\t\t<div class=\"col-inner\"  >\n\t\t\t\n\t\t\t\n<ul>\n<li class=\"bullet-arrow\"><a href=\"http:\/\/www.sadc-cae.ca\/index.php\" target=\"_blank\" rel=\"noopener\">R\u00e9seau des SADC et CAE du Qu\u00e9bec<\/a><\/li>\n<li class=\"bullet-arrow\"><a href=\"http:\/\/www.cjecoaticook.com\/\" target=\"_blank\" rel=\"noopener\">Carrefour jeunesse-emploi (CJE) de la MRC de Coaticook<\/a><\/li>\n<li class=\"bullet-arrow\"><a href=\"http:\/\/www.ccircoaticook.ca\/\" target=\"_blank\" rel=\"noopener\">Chambre de commerce et d\u2019industrie de la r\u00e9gion de Coaticook (CCIRC)<\/a><\/li>\n<li class=\"bullet-arrow\"><a href=\"https:\/\/eveilcoaticook.ca\/\" target=\"_blank\" rel=\"noopener\">L&#8217;\u00c9veil, ressource communautaire en sant\u00e9 mentale<\/a><\/li>\n<li class=\"bullet-arrow\"><a href=\"http:\/\/www.mrcdecoaticook.qc.ca\/\" target=\"_blank\" rel=\"noopener\">Municipalit\u00e9 r\u00e9gionale de comt\u00e9 (MRC) de Coaticook<\/a><\/li>\n<li class=\"bullet-arrow\"><a href=\"https:\/\/sae-estrie.gouv.qc.ca\/\" target=\"_blank\" rel=\"noopener\">Service aux entreprises (SAE) &#8211; Estrie<\/a><\/li>\n<\/ul>\n\t\t<\/div>\n\t\t\t\t\t<\/div>\n\n\t\n\n\t<div id=\"col-324480900\" class=\"col hide-for-small medium-3 small-12 large-3\"  >\n\t\t\t\t<div class=\"col-inner\"  >\n\t\t\t\n\t\t\t\n\t\t<\/div>\n\t\t\t\t\t<\/div>\n\n\t\n<\/div>\n\t\t<\/div>\n\n\t\t\n<style>\n#section_1271159309 {\n  padding-top: 30px;\n  padding-bottom: 30px;\n}\n@media (min-width:550px) {\n  #section_1271159309 {\n    padding-top: 80px;\n    padding-bottom: 80px;\n  }\n}\n<\/style>\n\t<\/section>\n\t\n","protected":false},"excerpt":{"rendered":"","protected":false},"author":13,"featured_media":0,"parent":2806,"menu_order":4,"comment_status":"closed","ping_status":"closed","template":"page-blank.php","meta":{"footnotes":""},"class_list":["post-3031","page","type-page","status-publish","hentry"],"_links":{"self":[{"href":"https:\/\/sadccoaticook.ca\/en\/wp-json\/wp\/v2\/pages\/3031","targetHints":{"allow":["GET"]}}],"collection":[{"href":"https:\/\/sadccoaticook.ca\/en\/wp-json\/wp\/v2\/pages"}],"about":[{"href":"https:\/\/sadccoaticook.ca\/en\/wp-json\/wp\/v2\/types\/page"}],"author":[{"embeddable":true,"href":"https:\/\/sadccoaticook.ca\/en\/wp-json\/wp\/v2\/users\/13"}],"replies":[{"embeddable":true,"href":"https:\/\/sadccoaticook.ca\/en\/wp-json\/wp\/v2\/comments?post=3031"}],"version-history":[{"count":2,"href":"https:\/\/sadccoaticook.ca\/en\/wp-json\/wp\/v2\/pages\/3031\/revisions"}],"predecessor-version":[{"id":3676,"href":"https:\/\/sadccoaticook.ca\/en\/wp-json\/wp\/v2\/pages\/3031\/revisions\/3676"}],"up":[{"embeddable":true,"href":"https:\/\/sadccoaticook.ca\/en\/wp-json\/wp\/v2\/pages\/2806"}],"wp:attachment":[{"href":"https:\/\/sadccoaticook.ca\/en\/wp-json\/wp\/v2\/media?parent=3031"}],"curies":[{"name":"wp","href":"https:\/\/api.w.org\/{rel}","templated":true}]}}