{"id":3067,"date":"2022-02-15T16:25:37","date_gmt":"2022-02-15T21:25:37","guid":{"rendered":"https:\/\/sadccoaticook.ca\/advisory-services-to-businesses\/lessayer-cest-ladopter\/"},"modified":"2023-03-12T10:25:42","modified_gmt":"2023-03-12T14:25:42","slug":"lessayer-cest-ladopter","status":"publish","type":"page","link":"https:\/\/sadccoaticook.ca\/en\/advisory-services-to-businesses\/lessayer-cest-ladopter\/","title":{"rendered":"L\u2019essayer, c\u2019est l\u2019adopter\u2026"},"content":{"rendered":"  <div id=\"page-header-762653474\" class=\"page-header-wrapper\">\n  <div class=\"page-title dark normal-title\">\n\n        <div class=\"page-title-bg\">\n      <div class=\"title-bg fill bg-fill\"\n        data-parallax-container=\".page-title\"\n        data-parallax-background\n        data-parallax=\"-\">\n      <\/div>\n      <div class=\"title-overlay fill\"><\/div>\n    <\/div>\n    \n    <div class=\"page-title-inner container align-center flex-row medium-flex-wrap\" >\n              <div class=\"title-wrapper flex-col text-left medium-text-center\">\n          <h1 class=\"entry-title mb-0\">\n            L\u2019essayer, c\u2019est l\u2019adopter\u2026          <\/h1>\n        <\/div>\n                    <div class=\"title-content flex-col flex-right text-right medium-text-center\">\n        <div class=\"title-breadcrumbs pb-half pt-half\"><\/div>      <\/div>\n    <\/div>\n\n     \n<style>\n#page-header-762653474 .page-title-inner {\n  min-height: 250px;\n}\n#page-header-762653474 .title-bg {\n  background-image: url(https:\/\/sadccoaticook.ca\/wp-content\/uploads\/2023\/03\/Lessayer-cest-ladopter-scaled.jpg);\n}\n#page-header-762653474 .title-overlay {\n  background-color: rgba(0,0,0,.5);\n}\n@media (min-width:550px) {\n  #page-header-762653474 .page-title-inner {\n    min-height: 500px;\n  }\n}\n<\/style>\n  <\/div>\n    <\/div>\n  \n\n\t<section class=\"section\" id=\"section_749120373\">\n\t\t<div class=\"section-bg fill\" >\n\t\t\t\t\t\t\t\t\t\n\t\t\t\n\n\t\t<\/div>\n\n\t\t\n\n\t\t<div class=\"section-content relative\">\n\t\t\t\n<div class=\"row\"  id=\"row-499950437\">\n\n\t<div id=\"col-853054174\" class=\"col hide-for-small medium-1 small-12 large-1\"  >\n\t\t\t\t<div class=\"col-inner\"  >\n\t\t\t\n\t\t\t\n\t\t<\/div>\n\t\t\t\t\t<\/div>\n\n\t\n\n\t<div id=\"col-1358958705\" class=\"col medium-6 small-12 large-6\"  >\n\t\t\t\t<div class=\"col-inner\"  >\n\t\t\t\n\t\t\t\n<p>L\u2019essayer, c\u2019est l\u2019adopter\u2026 coaching to help you better integrate and retain your employees.<\/p>\n<p><strong>The coaching consists of:<\/strong><\/p>\n<ul>\n<li>Professional support for employee onboarding and integration<\/li>\n<li>Tool development for optimal efficiency and success with hiring<\/li>\n<li>Familiarization in the work environment<\/li>\n<li>Follow-up and coaching<\/li>\n<\/ul>\n\t\t<\/div>\n\t\t\t\t\t<\/div>\n\n\t\n\n\t<div id=\"col-1568347904\" class=\"col hide-for-small medium-5 small-12 large-5\"  >\n\t\t\t\t<div class=\"col-inner\"  >\n\t\t\t\n\t\t\t\n<p>\u00a0<\/p>\n<p>See the testimonial of a company that followed the process (FRENCH ONLY)<\/p>\n<div class=\"geodir-embed-container\"><iframe loading=\"lazy\" title=\"Essaye le donc!\" width=\"1020\" height=\"574\" src=\"https:\/\/www.youtube.com\/embed\/1Yl8Fd93VhQ?list=PLcUqKkjOtq3Rn-NBVVGIpqhMz4xxaTkY5\" frameborder=\"0\" allow=\"accelerometer; autoplay; clipboard-write; encrypted-media; gyroscope; picture-in-picture; web-share\" allowfullscreen><\/iframe><\/div>\n<\/p>\n\t\t<\/div>\n\t\t\t\t\t<\/div>\n\n\t\n<\/div>\n\t\t<\/div>\n\n\t\t\n<style>\n#section_749120373 {\n  padding-top: 30px;\n  padding-bottom: 30px;\n}\n@media (min-width:550px) {\n  #section_749120373 {\n    padding-top: 80px;\n    padding-bottom: 80px;\n  }\n}\n<\/style>\n\t<\/section>\n\t\n\n\t<section class=\"section dark\" id=\"section_1239530028\">\n\t\t<div class=\"section-bg fill\" >\n\t\t\t\t\t\t\t\t\t\n\t\t\t\n\n\t\t<\/div>\n\n\t\t\n\n\t\t<div class=\"section-content relative\">\n\t\t\t\n<div class=\"row align-equal align-center\"  id=\"row-1381308458\">\n\n\t<div id=\"col-940820892\" class=\"col medium-10 small-12 large-10\"  >\n\t\t\t\t<div class=\"col-inner\"  >\n\t\t\t\n\t\t\t\n<h3>For more information\u2026<\/h3>\n<p>Marie-H\u00e9l\u00e8ne Th\u00e9berge<br \/><em>Agente de d\u00e9veloppement local et de communication<\/em><br \/><a href=\"mailto:agentededev@sadccoaticook.ca\">agentededev@sadccoaticook.ca <\/a><br \/>819 849-3053 ext.123 <\/p>\n<p>\u00a0<\/p>\n\t\t<\/div>\n\t\t\t\t\t<\/div>\n\n\t\n<\/div>\n\t\t<\/div>\n\n\t\t\n<style>\n#section_1239530028 {\n  padding-top: 60px;\n  padding-bottom: 60px;\n  background-color: rgb(127, 128, 132);\n}\n<\/style>\n\t<\/section>\n\t\n","protected":false},"excerpt":{"rendered":"","protected":false},"author":13,"featured_media":0,"parent":2847,"menu_order":3,"comment_status":"closed","ping_status":"closed","template":"page-blank.php","meta":{"footnotes":""},"class_list":["post-3067","page","type-page","status-publish","hentry"],"_links":{"self":[{"href":"https:\/\/sadccoaticook.ca\/en\/wp-json\/wp\/v2\/pages\/3067","targetHints":{"allow":["GET"]}}],"collection":[{"href":"https:\/\/sadccoaticook.ca\/en\/wp-json\/wp\/v2\/pages"}],"about":[{"href":"https:\/\/sadccoaticook.ca\/en\/wp-json\/wp\/v2\/types\/page"}],"author":[{"embeddable":true,"href":"https:\/\/sadccoaticook.ca\/en\/wp-json\/wp\/v2\/users\/13"}],"replies":[{"embeddable":true,"href":"https:\/\/sadccoaticook.ca\/en\/wp-json\/wp\/v2\/comments?post=3067"}],"version-history":[{"count":3,"href":"https:\/\/sadccoaticook.ca\/en\/wp-json\/wp\/v2\/pages\/3067\/revisions"}],"predecessor-version":[{"id":3641,"href":"https:\/\/sadccoaticook.ca\/en\/wp-json\/wp\/v2\/pages\/3067\/revisions\/3641"}],"up":[{"embeddable":true,"href":"https:\/\/sadccoaticook.ca\/en\/wp-json\/wp\/v2\/pages\/2847"}],"wp:attachment":[{"href":"https:\/\/sadccoaticook.ca\/en\/wp-json\/wp\/v2\/media?parent=3067"}],"curies":[{"name":"wp","href":"https:\/\/api.w.org\/{rel}","templated":true}]}}