{"id":4547,"date":"2024-07-12T10:18:03","date_gmt":"2024-07-12T14:18:03","guid":{"rendered":"https:\/\/sadccoaticook.ca\/balados\/"},"modified":"2024-07-26T13:44:26","modified_gmt":"2024-07-26T17:44:26","slug":"podcast","status":"publish","type":"page","link":"https:\/\/sadccoaticook.ca\/en\/podcast\/","title":{"rendered":"Podcast"},"content":{"rendered":"\n  <div class=\"banner has-hover has-parallax\" id=\"banner-1457390793\">\n          <div class=\"banner-inner fill\">\n        <div class=\"banner-bg fill\" data-parallax=\"-5\" data-parallax-container=\".banner\" data-parallax-background>\n            <img decoding=\"async\" width=\"1020\" height=\"388\" src=\"https:\/\/sadccoaticook.ca\/wp-content\/uploads\/2023\/03\/Espace-infolien-1280x487.jpg\" class=\"bg attachment-large size-large\" alt=\"\" \/>                        <div class=\"overlay\"><\/div>            \n                    <\/div>\n\t\t\n        <div class=\"banner-layers container\">\n            <div class=\"fill banner-link\"><\/div>            \n   <div id=\"text-box-1451845083\" class=\"text-box banner-layer x10 md-x10 lg-x10 y50 md-y50 lg-y50 res-text\">\n                                <div class=\"text-box-content text \">\n              \n              <div class=\"text-inner text-left\">\n                  \n\t<div id=\"text-1366333541\" class=\"text\">\n\t\t\n<h1>Podcast<\/h1>\n\t\t\n<style>\n#text-1366333541 {\n  color: rgb(255,255,255);\n}\n#text-1366333541 > * {\n  color: rgb(255,255,255);\n}\n<\/style>\n\t<\/div>\n\t\n              <\/div>\n           <\/div>\n                            \n<style>\n#text-box-1451845083 {\n  width: 60%;\n}\n#text-box-1451845083 .text-box-content {\n  font-size: 100%;\n}\n@media (min-width:550px) {\n  #text-box-1451845083 {\n    width: 62%;\n  }\n}\n<\/style>\n    <\/div>\n \n        <\/div>\n      <\/div>\n\n            \n<style>\n#banner-1457390793 {\n  padding-top: 500px;\n  background-color: rgb(255, 255, 255);\n}\n#banner-1457390793 .overlay {\n  background-color: rgba(0,0,0,.5);\n}\n<\/style>\n  <\/div>\n\n\n\n\t<section class=\"section\" id=\"section_1043662271\">\n\t\t<div class=\"section-bg fill\" >\n\t\t\t\t\t\t\t\t\t\n\t\t\t\n\n\t\t<\/div>\n\n\t\t\n\n\t\t<div class=\"section-content relative\">\n\t\t\t\n<div class=\"row\"  id=\"row-374917868\">\n\n\t<div id=\"col-615428717\" class=\"col small-12 large-12\"  >\n\t\t\t\t<div class=\"col-inner\"  >\n\t\t\t\n\t\t\t\n<p>From January to June 2024, the SADC de la r\u00e9gion de Coaticook hosted 12 radio features on CIGN co-op radio. The features included <em>L\u2019ABC de la SADC<\/em>, run every other Tuesday on 96.7 at 1:15 p.m. during the program <em>Le Snack break <\/em>with R\u00e9jean Audet.<\/p>\n<p>Listeners were treated to a friendly presentation of our programs, testimonials from passionate individuals, interviews with professionals and more! For further details on how the SADC can help pave the way to your success, check out the podcast recordings today.<\/p>\n<p><strong>** PLEASE NOTE THAT THIS CONTENT IS AVAILABLE IN FRENCH ONLY**<\/strong><\/p>\n<div class=\"is-divider divider clearfix\" style=\"max-width:150px;height:10px;\"><\/div>\n\t\t<\/div>\n\t\t\t\t\t<\/div>\n\n\t\n<\/div>\n<div class=\"row conteneurBalado\"  id=\"row-493642144\">\n\n\t<div id=\"col-1876745620\" class=\"col hide-for-small medium-1 small-12 large-3\"  >\n\t\t\t\t<div class=\"col-inner\"  >\n\t\t\t\n\t\t\t\n\t\t<\/div>\n\t\t\t\t\t<\/div>\n\n\t\n\n\t<div id=\"col-299370763\" class=\"col medium-10 small-12 large-6\"  >\n\t\t\t\t<div class=\"col-inner\"  >\n\t\t\t\n\t\t\t\n<div class=\"row row-collapse\"  id=\"row-1511649413\">\n\n\t<div id=\"col-473777968\" class=\"col small-12 large-12\"  >\n\t\t\t\t<div class=\"col-inner\"  >\n\t\t\t\n\t\t\t\n<div class=\"is-divider divider clearfix\" style=\"max-width:100%;height:1px;\"><\/div>\n\t<div id=\"text-579783684\" class=\"text\">\n\t\t\n\t\t\n<style>\n#text-579783684 {\n  font-size: 0.75rem;\n}\n<\/style>\n\t<\/div>\n\t\n\t\t<\/div>\n\t\t\t\t\n<style>\n#col-473777968 > .col-inner {\n  margin: 0px 0px -10px 0px;\n}\n<\/style>\n\t<\/div>\n\n\t\n\n\t<div id=\"col-1088503599\" class=\"col small-12 large-12\"  >\n\t\t\t\t<div class=\"col-inner\"  >\n\t\t\t\n\t\t\t\n\t<div id=\"text-3557997517\" class=\"text\">\n\t\t\n<h4 class=\"uppercase\" data-line-height=\"xs\">History and presentation of the SADC<\/h4>\n<p class=\"uppercase\">January 23, 2024<\/p>\n<p><span style=\"font-size: 12.96px;\">Guest : Joanne Beaudin, General Manager<\/span><\/p>\n<p><strong>Introducing the SADC: Mission, vision, values, history.<\/strong><\/p>\n\t\t\n<style>\n#text-3557997517 {\n  line-height: 1;\n}\n<\/style>\n\t<\/div>\n\t\n<div class=\"row\"  id=\"row-1151581522\">\n\n\t<div id=\"col-2074688845\" class=\"col small-12 large-12\"  >\n\t\t\t\t<div class=\"col-inner\"  >\n\t\t\t\n\t\t\t\n<p><iframe loading=\"lazy\" title=\"L&#039;ABC de la SADC - Historique et pr\u00e9sentation - 23 Janvier 2024 by 96 7 CIGN fm\" width=\"1020\" height=\"400\" scrolling=\"no\" frameborder=\"no\" src=\"https:\/\/w.soundcloud.com\/player\/?visual=true&#038;url=https%3A%2F%2Fapi.soundcloud.com%2Ftracks%2F1741671489&#038;show_artwork=true&#038;maxheight=1000&#038;maxwidth=1020\"><\/iframe><\/p>\n\t\t<\/div>\n\t\t\t\t\n<style>\n#col-2074688845 > .col-inner {\n  max-width: 300px;\n}\n<\/style>\n\t<\/div>\n\n\t\n<\/div>\n\t\t<\/div>\n\t\t\t\t\t<\/div>\n\n\t\n<\/div>\n<div class=\"row row-collapse\"  id=\"row-280499025\">\n\n\t<div id=\"col-981174892\" class=\"col small-12 large-12\"  >\n\t\t\t\t<div class=\"col-inner\"  >\n\t\t\t\n\t\t\t\n<div class=\"is-divider divider clearfix\" style=\"max-width:100%;height:1px;\"><\/div>\n\t<div id=\"text-632933289\" class=\"text\">\n\t\t\n\t\t\n<style>\n#text-632933289 {\n  font-size: 0.75rem;\n}\n<\/style>\n\t<\/div>\n\t\n\t\t<\/div>\n\t\t\t\t\n<style>\n#col-981174892 > .col-inner {\n  margin: 0px 0px -10px 0px;\n}\n<\/style>\n\t<\/div>\n\n\t\n\n\t<div id=\"col-2014618029\" class=\"col small-12 large-12\"  >\n\t\t\t\t<div class=\"col-inner\"  >\n\t\t\t\n\t\t\t\n\t<div id=\"text-137344040\" class=\"text\">\n\t\t\n<h4 class=\"uppercase\" data-line-height=\"xs\">Business financing and support<\/h4>\n<p class=\"uppercase\">February 6, 2024<\/p>\n<p><span style=\"font-size: 12.96px;\">Guests : Issaka Oumarou Harou &amp; S\u00e9bastien Dansereau, Business Advisors<\/span>\u00a0<\/p>\n<p><strong>Presentation of the SADC\u2019s services to businesses.<\/strong><\/p>\n\t\t\n<style>\n#text-137344040 {\n  line-height: 1;\n}\n<\/style>\n\t<\/div>\n\t\n<div class=\"row\"  id=\"row-424193309\">\n\n\t<div id=\"col-1188443231\" class=\"col small-12 large-12\"  >\n\t\t\t\t<div class=\"col-inner\"  >\n\t\t\t\n\t\t\t\n<p><iframe loading=\"lazy\" title=\"L&#039;ABC de la SADC - Financement et accompagnement 6 F\u00e9vrier 2024 by 96 7 CIGN fm\" width=\"1020\" height=\"400\" scrolling=\"no\" frameborder=\"no\" src=\"https:\/\/w.soundcloud.com\/player\/?visual=true&#038;url=https%3A%2F%2Fapi.soundcloud.com%2Ftracks%2F1741673502&#038;show_artwork=true&#038;maxheight=1000&#038;maxwidth=1020\"><\/iframe><\/p>\n\t\t<\/div>\n\t\t\t\t\n<style>\n#col-1188443231 > .col-inner {\n  max-width: 300px;\n}\n<\/style>\n\t<\/div>\n\n\t\n<\/div>\n\t\t<\/div>\n\t\t\t\t\t<\/div>\n\n\t\n<\/div>\n<div class=\"row row-collapse\"  id=\"row-1552900355\">\n\n\t<div id=\"col-360892006\" class=\"col small-12 large-12\"  >\n\t\t\t\t<div class=\"col-inner\"  >\n\t\t\t\n\t\t\t\n<div class=\"is-divider divider clearfix\" style=\"max-width:100%;height:1px;\"><\/div>\n\t<div id=\"text-2621984369\" class=\"text\">\n\t\t\n\t\t\n<style>\n#text-2621984369 {\n  font-size: 0.75rem;\n}\n<\/style>\n\t<\/div>\n\t\n\t\t<\/div>\n\t\t\t\t\n<style>\n#col-360892006 > .col-inner {\n  margin: 0px 0px -10px 0px;\n}\n<\/style>\n\t<\/div>\n\n\t\n\n\t<div id=\"col-305565970\" class=\"col small-12 large-12\"  >\n\t\t\t\t<div class=\"col-inner\"  >\n\t\t\t\n\t\t\t\n\t<div id=\"text-934720905\" class=\"text\">\n\t\t\n<h4 class=\"uppercase\" data-line-height=\"xs\">Local development<\/h4>\n<p class=\"uppercase\">February 20, 2024<\/p>\n<p><span style=\"font-size: 12.96px;\">Guest : Marie-H\u00e9l\u00e8ne Th\u00e9berge, Local Development Officer<\/span><\/p>\n<p><strong>Presentation of the SADC\u2019s services to the community.<\/strong><\/p>\n\t\t\n<style>\n#text-934720905 {\n  line-height: 1;\n}\n<\/style>\n\t<\/div>\n\t\n<div class=\"row\"  id=\"row-1862855483\">\n\n\t<div id=\"col-1434515987\" class=\"col small-12 large-12\"  >\n\t\t\t\t<div class=\"col-inner\"  >\n\t\t\t\n\t\t\t\n<p><iframe loading=\"lazy\" title=\"L&#039;ABC de la SADC - D\u00e9veloppement local - 20 F\u00e9vrier 2024 by 96 7 CIGN fm\" width=\"1020\" height=\"400\" scrolling=\"no\" frameborder=\"no\" src=\"https:\/\/w.soundcloud.com\/player\/?visual=true&#038;url=https%3A%2F%2Fapi.soundcloud.com%2Ftracks%2F1754311083&#038;show_artwork=true&#038;maxheight=1000&#038;maxwidth=1020\"><\/iframe><\/p>\n\t\t<\/div>\n\t\t\t\t\n<style>\n#col-1434515987 > .col-inner {\n  max-width: 300px;\n}\n<\/style>\n\t<\/div>\n\n\t\n<\/div>\n\t\t<\/div>\n\t\t\t\t\t<\/div>\n\n\t\n<\/div>\n<div class=\"row row-collapse\"  id=\"row-340884058\">\n\n\t<div id=\"col-46396126\" class=\"col small-12 large-12\"  >\n\t\t\t\t<div class=\"col-inner\"  >\n\t\t\t\n\t\t\t\n<div class=\"is-divider divider clearfix\" style=\"max-width:100%;height:1px;\"><\/div>\n\t<div id=\"text-2012875624\" class=\"text\">\n\t\t\n\t\t\n<style>\n#text-2012875624 {\n  font-size: 0.75rem;\n}\n<\/style>\n\t<\/div>\n\t\n\t\t<\/div>\n\t\t\t\t\n<style>\n#col-46396126 > .col-inner {\n  margin: 0px 0px -10px 0px;\n}\n<\/style>\n\t<\/div>\n\n\t\n\n\t<div id=\"col-203106125\" class=\"col small-12 large-12\"  >\n\t\t\t\t<div class=\"col-inner\"  >\n\t\t\t\n\t\t\t\n\t<div id=\"text-726700651\" class=\"text\">\n\t\t\n<h4 class=\"uppercase\" data-line-height=\"xs\">Quiz<\/h4>\n<p class=\"uppercase\">March 5, 2024<\/p>\n<p><span style=\"font-size: 12.96px;\">Guest : Joanne Beaudin, General Manager<\/span><\/p>\n<p><strong>Quiz on the findings of the study on the economic impact of SADCs in Quebec regions published by the R\u00e9seau des SADC+CAE. <\/strong><\/p>\n\t\t\n<style>\n#text-726700651 {\n  line-height: 1;\n}\n<\/style>\n\t<\/div>\n\t\n<div class=\"row\"  id=\"row-496671070\">\n\n\t<div id=\"col-346480324\" class=\"col small-12 large-12\"  >\n\t\t\t\t<div class=\"col-inner\"  >\n\t\t\t\n\t\t\t\n<p><iframe loading=\"lazy\" title=\"L&#039;ABC de la SADC - Quiz - 5 Mars 2024 by 96 7 CIGN fm\" width=\"1020\" height=\"400\" scrolling=\"no\" frameborder=\"no\" src=\"https:\/\/w.soundcloud.com\/player\/?visual=true&#038;url=https%3A%2F%2Fapi.soundcloud.com%2Ftracks%2F1767405645&#038;show_artwork=true&#038;maxheight=1000&#038;maxwidth=1020\"><\/iframe><\/p>\n\t\t<\/div>\n\t\t\t\t\n<style>\n#col-346480324 > .col-inner {\n  max-width: 300px;\n}\n<\/style>\n\t<\/div>\n\n\t\n<\/div>\n\t\t<\/div>\n\t\t\t\t\t<\/div>\n\n\t\n<\/div>\n<div class=\"row row-collapse\"  id=\"row-1195742314\">\n\n\t<div id=\"col-2094220692\" class=\"col small-12 large-12\"  >\n\t\t\t\t<div class=\"col-inner\"  >\n\t\t\t\n\t\t\t\n<div class=\"is-divider divider clearfix\" style=\"max-width:100%;height:1px;\"><\/div>\n\t<div id=\"text-2636579899\" class=\"text\">\n\t\t\n\t\t\n<style>\n#text-2636579899 {\n  font-size: 0.75rem;\n}\n<\/style>\n\t<\/div>\n\t\n\t\t<\/div>\n\t\t\t\t\n<style>\n#col-2094220692 > .col-inner {\n  margin: 0px 0px -10px 0px;\n}\n<\/style>\n\t<\/div>\n\n\t\n\n\t<div id=\"col-752685274\" class=\"col small-12 large-12\"  >\n\t\t\t\t<div class=\"col-inner\"  >\n\t\t\t\n\t\t\t\n\t<div id=\"text-792981161\" class=\"text\">\n\t\t\n<h4 class=\"uppercase\" data-line-height=\"xs\">Sustainable tourism<\/h4>\n<p class=\"uppercase\">March 19, 2024<\/p>\n<p><span style=\"font-size: 12.96px;\">Guests : M\u00e9lanie Girard, Sustainable Tourism Advisor with CAE Memphr\u00e9magog &amp; Carolane Tremblay of Parc D\u00e9couverte Nature<\/p>\n<p><strong>Carolane discusses her motivation and experience in sustainable tourism, and M\u00e9lanie introduces the <a href=\"https:\/\/sadccoaticook.ca\/en\/tourism-businesses-committing-to-responsible-and-sustainable-tourism-in-the-eastern-townships\/\">SADC+CAE de l&#8217;Estrie regional project in sustainable tourism<\/a>.<\/strong><\/p>\n\t\t\n<style>\n#text-792981161 {\n  line-height: 1;\n}\n<\/style>\n\t<\/div>\n\t\n<div class=\"row\"  id=\"row-1822729040\">\n\n\t<div id=\"col-1577159821\" class=\"col small-12 large-12\"  >\n\t\t\t\t<div class=\"col-inner\"  >\n\t\t\t\n\t\t\t\n<p><iframe loading=\"lazy\" title=\"L&#039;ABC de la SADC - 19 Mars 2024 by 96 7 CIGN fm\" width=\"1020\" height=\"400\" scrolling=\"no\" frameborder=\"no\" src=\"https:\/\/w.soundcloud.com\/player\/?visual=true&#038;url=https%3A%2F%2Fapi.soundcloud.com%2Ftracks%2F1781288772&#038;show_artwork=true&#038;maxheight=1000&#038;maxwidth=1020\"><\/iframe><\/p>\n\t\t<\/div>\n\t\t\t\t\n<style>\n#col-1577159821 > .col-inner {\n  max-width: 300px;\n}\n<\/style>\n\t<\/div>\n\n\t\n<\/div>\n\t\t<\/div>\n\t\t\t\t\t<\/div>\n\n\t\n<\/div>\n<div class=\"row row-collapse\"  id=\"row-1525640774\">\n\n\t<div id=\"col-270177160\" class=\"col small-12 large-12\"  >\n\t\t\t\t<div class=\"col-inner\"  >\n\t\t\t\n\t\t\t\n<div class=\"is-divider divider clearfix\" style=\"max-width:100%;height:1px;\"><\/div>\n\t<div id=\"text-242429218\" class=\"text\">\n\t\t\n\t\t\n<style>\n#text-242429218 {\n  font-size: 0.75rem;\n}\n<\/style>\n\t<\/div>\n\t\n\t\t<\/div>\n\t\t\t\t\n<style>\n#col-270177160 > .col-inner {\n  margin: 0px 0px -10px 0px;\n}\n<\/style>\n\t<\/div>\n\n\t\n\n\t<div id=\"col-1350443992\" class=\"col small-12 large-12\"  >\n\t\t\t\t<div class=\"col-inner\"  >\n\t\t\t\n\t\t\t\n\t<div id=\"text-982051552\" class=\"text\">\n\t\t\n<h4 class=\"uppercase\" data-line-height=\"xs\">Testimonial from a business that received guidance<\/h4>\n<p class=\"uppercase\">April 2, 2024<\/p>\n<p><span style=\"font-size: 12.96px;\">Guests : Issaka Oumarou Harou, Business Advisor &amp; France S\u00e9n\u00e9cal of Camping du Lac Lyster<\/span><\/p>\n<p><strong>France shares her experience and explains how the SADC helped her.<\/strong><\/p>\n\t\t\n<style>\n#text-982051552 {\n  line-height: 1;\n}\n<\/style>\n\t<\/div>\n\t\n<div class=\"row\"  id=\"row-1927162123\">\n\n\t<div id=\"col-859242112\" class=\"col small-12 large-12\"  >\n\t\t\t\t<div class=\"col-inner\"  >\n\t\t\t\n\t\t\t\n<p><iframe loading=\"lazy\" title=\"L&#039;ABC de la SADC - Camping du Lac Lyster - 2 Avril 2024 by 96 7 CIGN fm\" width=\"1020\" height=\"400\" scrolling=\"no\" frameborder=\"no\" src=\"https:\/\/w.soundcloud.com\/player\/?visual=true&#038;url=https%3A%2F%2Fapi.soundcloud.com%2Ftracks%2F1793048425&#038;show_artwork=true&#038;maxheight=1000&#038;maxwidth=1020\"><\/iframe><\/p>\n\t\t<\/div>\n\t\t\t\t\n<style>\n#col-859242112 > .col-inner {\n  max-width: 300px;\n}\n<\/style>\n\t<\/div>\n\n\t\n<\/div>\n\t\t<\/div>\n\t\t\t\t\t<\/div>\n\n\t\n<\/div>\n<div class=\"row row-collapse\"  id=\"row-630332980\">\n\n\t<div id=\"col-11197857\" class=\"col small-12 large-12\"  >\n\t\t\t\t<div class=\"col-inner\"  >\n\t\t\t\n\t\t\t\n<div class=\"is-divider divider clearfix\" style=\"max-width:100%;height:1px;\"><\/div>\n\t<div id=\"text-2025611841\" class=\"text\">\n\t\t\n\t\t\n<style>\n#text-2025611841 {\n  font-size: 0.75rem;\n}\n<\/style>\n\t<\/div>\n\t\n\t\t<\/div>\n\t\t\t\t\n<style>\n#col-11197857 > .col-inner {\n  margin: 0px 0px -10px 0px;\n}\n<\/style>\n\t<\/div>\n\n\t\n\n\t<div id=\"col-543562940\" class=\"col small-12 large-12\"  >\n\t\t\t\t<div class=\"col-inner\"  >\n\t\t\t\n\t\t\t\n\t<div id=\"text-457285679\" class=\"text\">\n\t\t\n<h4 class=\"uppercase\" data-line-height=\"xs\">Pooling of resources<\/h4>\n<p class=\"uppercase\">April 16, 2024<\/p>\n<p><span style=\"font-size: 12.96px;\">Guests : Marie-H\u00e9l\u00e8ne Th\u00e9berge, Local Development Officer &amp; \u00c9milie Drouin of the Corporation de d\u00e9veloppement communautaire (CDC) de la MRC de Coaticook<\/span><\/p>\n<p><strong>Presentation of the CDC project to pool human and material resources.<\/strong><\/p>\n\t\t\n<style>\n#text-457285679 {\n  line-height: 1;\n}\n<\/style>\n\t<\/div>\n\t\n<div class=\"row\"  id=\"row-697669234\">\n\n\t<div id=\"col-1993197992\" class=\"col small-12 large-12\"  >\n\t\t\t\t<div class=\"col-inner\"  >\n\t\t\t\n\t\t\t\n<p><iframe loading=\"lazy\" title=\"L&#039;ABC de la SADC - Mutualisation - 16 Avril 2024 by 96 7 CIGN fm\" width=\"1020\" height=\"400\" scrolling=\"no\" frameborder=\"no\" src=\"https:\/\/w.soundcloud.com\/player\/?visual=true&#038;url=https%3A%2F%2Fapi.soundcloud.com%2Ftracks%2F1803214512&#038;show_artwork=true&#038;maxheight=1000&#038;maxwidth=1020\"><\/iframe><\/p>\n\t\t<\/div>\n\t\t\t\t\n<style>\n#col-1993197992 > .col-inner {\n  max-width: 300px;\n}\n<\/style>\n\t<\/div>\n\n\t\n<\/div>\n\t\t<\/div>\n\t\t\t\t\t<\/div>\n\n\t\n<\/div>\n<div class=\"row row-collapse\"  id=\"row-125545862\">\n\n\t<div id=\"col-1880950159\" class=\"col small-12 large-12\"  >\n\t\t\t\t<div class=\"col-inner\"  >\n\t\t\t\n\t\t\t\n<div class=\"is-divider divider clearfix\" style=\"max-width:100%;height:1px;\"><\/div>\n\t<div id=\"text-3771559938\" class=\"text\">\n\t\t\n\t\t\n<style>\n#text-3771559938 {\n  font-size: 0.75rem;\n}\n<\/style>\n\t<\/div>\n\t\n\t\t<\/div>\n\t\t\t\t\n<style>\n#col-1880950159 > .col-inner {\n  margin: 0px 0px -10px 0px;\n}\n<\/style>\n\t<\/div>\n\n\t\n\n\t<div id=\"col-1315312652\" class=\"col small-12 large-12\"  >\n\t\t\t\t<div class=\"col-inner\"  >\n\t\t\t\n\t\t\t\n\t<div id=\"text-2851185010\" class=\"text\">\n\t\t\n<h4 class=\"uppercase\" data-line-height=\"xs\">Myths about the SADC<\/h4>\n<p class=\"uppercase\">April 30, 2024<\/p>\n<p><span style=\"font-size: 12.96px;\">Guest : Serge Gosselin, President<\/span><\/p>\n<p><strong>Deconstructing myths about the SADC.<\/strong><\/p>\n\t\t\n<style>\n#text-2851185010 {\n  line-height: 1;\n}\n<\/style>\n\t<\/div>\n\t\n<div class=\"row\"  id=\"row-271941195\">\n\n\t<div id=\"col-1084580295\" class=\"col small-12 large-12\"  >\n\t\t\t\t<div class=\"col-inner\"  >\n\t\t\t\n\t\t\t\n<p><iframe loading=\"lazy\" title=\"L&#039;ABC de la SADC - 30 Avril 2024 by 96 7 CIGN fm\" width=\"1020\" height=\"400\" scrolling=\"no\" frameborder=\"no\" src=\"https:\/\/w.soundcloud.com\/player\/?visual=true&#038;url=https%3A%2F%2Fapi.soundcloud.com%2Ftracks%2F1813023768&#038;show_artwork=true&#038;maxheight=1000&#038;maxwidth=1020\"><\/iframe><\/p>\n\t\t<\/div>\n\t\t\t\t\n<style>\n#col-1084580295 > .col-inner {\n  max-width: 300px;\n}\n<\/style>\n\t<\/div>\n\n\t\n<\/div>\n\t\t<\/div>\n\t\t\t\t\t<\/div>\n\n\t\n<\/div>\n<div class=\"row row-collapse\"  id=\"row-1809828775\">\n\n\t<div id=\"col-739842689\" class=\"col small-12 large-12\"  >\n\t\t\t\t<div class=\"col-inner\"  >\n\t\t\t\n\t\t\t\n<div class=\"is-divider divider clearfix\" style=\"max-width:100%;height:1px;\"><\/div>\n\t<div id=\"text-3664575419\" class=\"text\">\n\t\t\n\t\t\n<style>\n#text-3664575419 {\n  font-size: 0.75rem;\n}\n<\/style>\n\t<\/div>\n\t\n\t\t<\/div>\n\t\t\t\t\n<style>\n#col-739842689 > .col-inner {\n  margin: 0px 0px -10px 0px;\n}\n<\/style>\n\t<\/div>\n\n\t\n\n\t<div id=\"col-1100682120\" class=\"col small-12 large-12\"  >\n\t\t\t\t<div class=\"col-inner\"  >\n\t\t\t\n\t\t\t\n\t<div id=\"text-1571015810\" class=\"text\">\n\t\t\n<h4 class=\"uppercase\" data-line-height=\"xs\">General management transition<\/h4>\n<p class=\"uppercase\">May 14, 2024<\/p>\n<p><span style=\"font-size: 12.96px;\">Guests : Joanne Beaudin, outgoing General Manager &amp; Rafa\u00ebl Gendron, General Manager<\/span>\u00a0<\/p>\n<p><strong>Unveiling of the new general management, interview with the outgoing manager and her successor.<\/strong><\/p>\n\t\t\n<style>\n#text-1571015810 {\n  line-height: 1;\n}\n<\/style>\n\t<\/div>\n\t\n<div class=\"row\"  id=\"row-11887419\">\n\n\t<div id=\"col-1641621599\" class=\"col small-12 large-12\"  >\n\t\t\t\t<div class=\"col-inner\"  >\n\t\t\t\n\t\t\t\n<p><iframe loading=\"lazy\" title=\"L&#039;ABC de la SADC - 14 Mai 2024 by 96 7 CIGN fm\" width=\"1020\" height=\"400\" scrolling=\"no\" frameborder=\"no\" src=\"https:\/\/w.soundcloud.com\/player\/?visual=true&#038;url=https%3A%2F%2Fapi.soundcloud.com%2Ftracks%2F1823653917&#038;show_artwork=true&#038;maxheight=1000&#038;maxwidth=1020\"><\/iframe><\/p>\n\t\t<\/div>\n\t\t\t\t\n<style>\n#col-1641621599 > .col-inner {\n  max-width: 300px;\n}\n<\/style>\n\t<\/div>\n\n\t\n<\/div>\n\t\t<\/div>\n\t\t\t\t\t<\/div>\n\n\t\n<\/div>\n<div class=\"row row-collapse\"  id=\"row-1645492393\">\n\n\t<div id=\"col-1378038174\" class=\"col small-12 large-12\"  >\n\t\t\t\t<div class=\"col-inner\"  >\n\t\t\t\n\t\t\t\n<div class=\"is-divider divider clearfix\" style=\"max-width:100%;height:1px;\"><\/div>\n\t<div id=\"text-165349147\" class=\"text\">\n\t\t\n\t\t\n<style>\n#text-165349147 {\n  font-size: 0.75rem;\n}\n<\/style>\n\t<\/div>\n\t\n\t\t<\/div>\n\t\t\t\t\n<style>\n#col-1378038174 > .col-inner {\n  margin: 0px 0px -10px 0px;\n}\n<\/style>\n\t<\/div>\n\n\t\n\n\t<div id=\"col-37230942\" class=\"col small-12 large-12\"  >\n\t\t\t\t<div class=\"col-inner\"  >\n\t\t\t\n\t\t\t\n\t<div id=\"text-3164795785\" class=\"text\">\n\t\t\n<h4 class=\"uppercase\" data-line-height=\"xs\">\u201c\u00c0 bras ouverts\u201d movement<\/h4>\n<p class=\"uppercase\">May 28, 2024<\/p>\n<p><span style=\"font-size: 12.96px;\">Guests : Marie-H\u00e9l\u00e8ne Th\u00e9berge, Local Development Officer &amp; Patricia Gardner of the MRC de Coaticook<\/span><\/p>\n<p><strong>Introducing the \u201c\u00c0 bras ouvert\u201d (with open arms) movement, which is regaining traction in the Coaticook region.<\/strong><\/p>\n\t\t\n<style>\n#text-3164795785 {\n  line-height: 1;\n}\n<\/style>\n\t<\/div>\n\t\n<div class=\"row\"  id=\"row-1903721196\">\n\n\t<div id=\"col-912398568\" class=\"col small-12 large-12\"  >\n\t\t\t\t<div class=\"col-inner\"  >\n\t\t\t\n\t\t\t\n<p><iframe loading=\"lazy\" title=\"L&#039;ABC de la SADC - 28 Mai 2024 by 96 7 CIGN fm\" width=\"1020\" height=\"400\" scrolling=\"no\" frameborder=\"no\" src=\"https:\/\/w.soundcloud.com\/player\/?visual=true&#038;url=https%3A%2F%2Fapi.soundcloud.com%2Ftracks%2F1834091718&#038;show_artwork=true&#038;maxheight=1000&#038;maxwidth=1020\"><\/iframe><\/p>\n\t\t<\/div>\n\t\t\t\t\n<style>\n#col-912398568 > .col-inner {\n  max-width: 300px;\n}\n<\/style>\n\t<\/div>\n\n\t\n<\/div>\n\t\t<\/div>\n\t\t\t\t\t<\/div>\n\n\t\n<\/div>\n<div class=\"row row-collapse\"  id=\"row-1118652498\">\n\n\t<div id=\"col-529941887\" class=\"col small-12 large-12\"  >\n\t\t\t\t<div class=\"col-inner\"  >\n\t\t\t\n\t\t\t\n<div class=\"is-divider divider clearfix\" style=\"max-width:100%;height:1px;\"><\/div>\n\t<div id=\"text-1789269793\" class=\"text\">\n\t\t\n\t\t\n<style>\n#text-1789269793 {\n  font-size: 0.75rem;\n}\n<\/style>\n\t<\/div>\n\t\n\t\t<\/div>\n\t\t\t\t\n<style>\n#col-529941887 > .col-inner {\n  margin: 0px 0px -10px 0px;\n}\n<\/style>\n\t<\/div>\n\n\t\n\n\t<div id=\"col-1964061227\" class=\"col small-12 large-12\"  >\n\t\t\t\t<div class=\"col-inner\"  >\n\t\t\t\n\t\t\t\n\t<div id=\"text-2971572361\" class=\"text\">\n\t\t\n<h4 class=\"uppercase\" data-line-height=\"xs\">A look back at the AGM<\/h4>\n<p class=\"uppercase\">June 11, 2024<\/p>\n<p><span style=\"font-size: 12.96px;\">Guest : Rafa\u00ebl Gendron, General Manager<\/span><\/p>\n<p><strong>A look back at the Annual General Meeting held on Thursday, June 6, 2024: Brief presentation of the year\u2019s achievements.<\/strong><\/p>\n\t\t\n<style>\n#text-2971572361 {\n  line-height: 1;\n}\n<\/style>\n\t<\/div>\n\t\n<div class=\"row\"  id=\"row-95711248\">\n\n\t<div id=\"col-1746967665\" class=\"col small-12 large-12\"  >\n\t\t\t\t<div class=\"col-inner\"  >\n\t\t\t\n\t\t\t\n<p><iframe loading=\"lazy\" title=\"L&#039;ABC de la SADC - 11 Juin 2024 by 96 7 CIGN fm\" width=\"1020\" height=\"400\" scrolling=\"no\" frameborder=\"no\" src=\"https:\/\/w.soundcloud.com\/player\/?visual=true&#038;url=https%3A%2F%2Fapi.soundcloud.com%2Ftracks%2F1850464050&#038;show_artwork=true&#038;maxheight=1000&#038;maxwidth=1020\"><\/iframe><\/p>\n\t\t<\/div>\n\t\t\t\t\n<style>\n#col-1746967665 > .col-inner {\n  max-width: 300px;\n}\n<\/style>\n\t<\/div>\n\n\t\n<\/div>\n\t\t<\/div>\n\t\t\t\t\t<\/div>\n\n\t\n<\/div>\n<div class=\"row row-collapse\"  id=\"row-86023859\">\n\n\t<div id=\"col-1413404350\" class=\"col small-12 large-12\"  >\n\t\t\t\t<div class=\"col-inner\"  >\n\t\t\t\n\t\t\t\n<div class=\"is-divider divider clearfix\" style=\"max-width:100%;height:1px;\"><\/div>\n\t<div id=\"text-264746995\" class=\"text\">\n\t\t\n\t\t\n<style>\n#text-264746995 {\n  font-size: 0.75rem;\n}\n<\/style>\n\t<\/div>\n\t\n\t\t<\/div>\n\t\t\t\t\n<style>\n#col-1413404350 > .col-inner {\n  margin: 0px 0px -10px 0px;\n}\n<\/style>\n\t<\/div>\n\n\t\n\n\t<div id=\"col-1190285612\" class=\"col small-12 large-12\"  >\n\t\t\t\t<div class=\"col-inner\"  >\n\t\t\t\n\t\t\t\n\t<div id=\"text-1873368463\" class=\"text\">\n\t\t\n<h4 class=\"uppercase\" data-line-height=\"xs\">Recognition awards<\/h4>\n<p class=\"uppercase\">June 25, 2024<\/p>\n<p><span style=\"font-size: 12.96px;\">Guest : Michael Jacques of Carrefour Coaticook<\/span><\/p>\n<p><strong>Continuation of the previous feature: Presentation of Recognition Awards recipients at our AGM, and testimonial from an award winner.<\/strong><\/p>\n\t\t\n<style>\n#text-1873368463 {\n  line-height: 1;\n}\n<\/style>\n\t<\/div>\n\t\n<div class=\"row\"  id=\"row-1033864521\">\n\n\t<div id=\"col-1946029166\" class=\"col small-12 large-12\"  >\n\t\t\t\t<div class=\"col-inner\"  >\n\t\t\t\n\t\t\t\n<p><iframe loading=\"lazy\" title=\"L&#039;ABC de la SADC - 25 Juin 2024 by 96 7 CIGN fm\" width=\"1020\" height=\"400\" scrolling=\"no\" frameborder=\"no\" src=\"https:\/\/w.soundcloud.com\/player\/?visual=true&#038;url=https%3A%2F%2Fapi.soundcloud.com%2Ftracks%2F1867307181&#038;show_artwork=true&#038;maxheight=1000&#038;maxwidth=1020\"><\/iframe><\/p>\n\t\t<\/div>\n\t\t\t\t\n<style>\n#col-1946029166 > .col-inner {\n  max-width: 300px;\n}\n<\/style>\n\t<\/div>\n\n\t\n<\/div>\n\t\t<\/div>\n\t\t\t\t\t<\/div>\n\n\t\n<\/div>\n\t\t<\/div>\n\t\t\t\t\t<\/div>\n\n\t\n\n\t<div id=\"col-2115939533\" class=\"col medium-1 small-12 large-3\"  >\n\t\t\t\t<div class=\"col-inner\"  >\n\t\t\t\n\t\t\t\n\t\t<\/div>\n\t\t\t\t\t<\/div>\n\n\t\n<\/div>\n\t\t<\/div>\n\n\t\t\n<style>\n#section_1043662271 {\n  padding-top: 80px;\n  padding-bottom: 80px;\n}\n<\/style>\n\t<\/section>\n\t\n","protected":false},"excerpt":{"rendered":"","protected":false},"author":11,"featured_media":0,"parent":0,"menu_order":1,"comment_status":"closed","ping_status":"closed","template":"page-blank.php","meta":{"footnotes":""},"class_list":["post-4547","page","type-page","status-publish","hentry"],"_links":{"self":[{"href":"https:\/\/sadccoaticook.ca\/en\/wp-json\/wp\/v2\/pages\/4547","targetHints":{"allow":["GET"]}}],"collection":[{"href":"https:\/\/sadccoaticook.ca\/en\/wp-json\/wp\/v2\/pages"}],"about":[{"href":"https:\/\/sadccoaticook.ca\/en\/wp-json\/wp\/v2\/types\/page"}],"author":[{"embeddable":true,"href":"https:\/\/sadccoaticook.ca\/en\/wp-json\/wp\/v2\/users\/11"}],"replies":[{"embeddable":true,"href":"https:\/\/sadccoaticook.ca\/en\/wp-json\/wp\/v2\/comments?post=4547"}],"version-history":[{"count":3,"href":"https:\/\/sadccoaticook.ca\/en\/wp-json\/wp\/v2\/pages\/4547\/revisions"}],"predecessor-version":[{"id":4657,"href":"https:\/\/sadccoaticook.ca\/en\/wp-json\/wp\/v2\/pages\/4547\/revisions\/4657"}],"wp:attachment":[{"href":"https:\/\/sadccoaticook.ca\/en\/wp-json\/wp\/v2\/media?parent=4547"}],"curies":[{"name":"wp","href":"https:\/\/api.w.org\/{rel}","templated":true}]}}